{"id":4282,"date":"2022-09-30T15:46:39","date_gmt":"2022-09-30T13:46:39","guid":{"rendered":"https:\/\/cmt-awareness.com\/?page_id=4282"},"modified":"2022-09-30T17:03:23","modified_gmt":"2022-09-30T15:03:23","slug":"spenden-sie","status":"publish","type":"page","link":"https:\/\/cmt-awareness.com\/de\/spenden-sie\/","title":{"rendered":"Spenden Sie"},"content":{"rendered":"\n<h2 class=\"wp-block-heading\">Your support helps us to:<\/h2>\n\n\n\n<ul class=\"wp-block-list\"><li>Kommunikation, Sensibilisierung f\u00fcr CMT und Reduzierung von Diagnosefehlern<\/li><li>Patienten und ihren Familien Wertsch\u00e4tzung entgegenbringen, wenn sie \u00fcber ihre Erfahrungen sprechen<\/li><li>F\u00f6rderung der medizinischen Wissenschaft und Forschung<\/li><\/ul>\n\n\n\n<div class=\"wp-block-buttons is-layout-flex wp-block-buttons-is-layout-flex\">\n<div class=\"wp-block-button\"><a class=\"wp-block-button__link\" href=\"https:\/\/ecmtf.org\/donate\/\" target=\"_blank\" rel=\"noreferrer noopener\">Hier spenden<\/a><\/div>\n<\/div>\n","protected":false},"excerpt":{"rendered":"<p>Your support helps us to: Kommunikation, Sensibilisierung f\u00fcr CMT und Reduzierung von Diagnosefehlern Patienten und ihren Familien Wertsch\u00e4tzung entgegenbringen, wenn sie \u00fcber ihre Erfahrungen sprechen F\u00f6rderung der medizinischen Wissenschaft und Forschung<\/p>\n","protected":false},"author":9,"featured_media":0,"parent":0,"menu_order":0,"comment_status":"closed","ping_status":"closed","template":"","meta":{"footnotes":""},"class_list":["post-4282","page","type-page","status-publish","hentry"],"acf":[],"_links":{"self":[{"href":"https:\/\/cmt-awareness.com\/de\/wp-json\/wp\/v2\/pages\/4282","targetHints":{"allow":["GET"]}}],"collection":[{"href":"https:\/\/cmt-awareness.com\/de\/wp-json\/wp\/v2\/pages"}],"about":[{"href":"https:\/\/cmt-awareness.com\/de\/wp-json\/wp\/v2\/types\/page"}],"author":[{"embeddable":true,"href":"https:\/\/cmt-awareness.com\/de\/wp-json\/wp\/v2\/users\/9"}],"replies":[{"embeddable":true,"href":"https:\/\/cmt-awareness.com\/de\/wp-json\/wp\/v2\/comments?post=4282"}],"version-history":[{"count":2,"href":"https:\/\/cmt-awareness.com\/de\/wp-json\/wp\/v2\/pages\/4282\/revisions"}],"predecessor-version":[{"id":4297,"href":"https:\/\/cmt-awareness.com\/de\/wp-json\/wp\/v2\/pages\/4282\/revisions\/4297"}],"wp:attachment":[{"href":"https:\/\/cmt-awareness.com\/de\/wp-json\/wp\/v2\/media?parent=4282"}],"curies":[{"name":"wp","href":"https:\/\/api.w.org\/{rel}","templated":true}]}}