{"id":383,"date":"2018-09-10T14:23:05","date_gmt":"2018-09-10T12:23:05","guid":{"rendered":"https:\/\/cmt-awareness.com\/home\/"},"modified":"2024-10-04T10:10:09","modified_gmt":"2024-10-04T08:10:09","slug":"home","status":"publish","type":"page","link":"https:\/\/cmt-awareness.com\/es\/home\/","title":{"rendered":"Pagina de inicio"},"content":{"rendered":"<div id=\"que-es-la-cmt\" class=\"content-12 content-section content-section-spacing content-relative\" style=\"background-color: #ffffff; background-image: none;\" data-label=\"\u00bfQu\u00e9 es la CMT?\" data-id=\"content--1\" data-export-id=\"content-12\" data-category=\"content\">\n<div class=\"gridContainer\">\n<div class=\"row text-center\">\n<div class=\"section-title-col\" data-type=\"column\">\n<h2 class=\"\">\u00bfQu\u00e9 es la CMT?<\/h2>\n<p class=\"lead\">Se trata de una enfermedad de los nervios perif\u00e9ricos que controlan los m\u00fasculos (a diferencia de las distrofias musculares, que afectan a los propios m\u00fasculos). <a href=\"bibliografia\/\" target=\"_self\" rel=\"noopener noreferrer\" data-cp-link=\"1\"><sup>[1,2]<\/sup><\/a><\/p>\nAntes de la biolog\u00eda molecular y las pruebas gen\u00e9ticas, la enfermedad de Charcot-Marie-Tooth (CMT) se clasificaba generalmente en la de tipo 1 (con velocidades de conducci\u00f3n nerviosa anormalmente bajas, indicativas de desmielinizaci\u00f3n) y la de tipo 2 (con velocidades de conducci\u00f3n nerviosa normales, indicativas de degeneraci\u00f3n axonal o neuronal).\n\nPresente en ambos sexos y en todas las razas y grupos \u00e9tnicos, es la neuropat\u00eda perif\u00e9rica hereditaria m\u00e1s frecuente y afecta a 2,8 millones de personas en todo el mundo.\nEsta neuropat\u00eda rara, hereditaria y de progresi\u00f3n lenta que terminar\u00eda conoci\u00e9ndose como enfermedad de Charcot-Marie-Tooth (CMT) fue descrita independientemente en 1886 por Charcot y Marie en Francia, y por Tooth en Reino Unido.\nSu aparici\u00f3n puede ocurrir a cualquier edad, pero es m\u00e1s frecuente en la primera y en la segunda d\u00e9cada de la vida <a href=\"bibliografia\/\" target=\"_self\" rel=\"noopener noreferrer\" data-cp-link=\"1\"><sup>[1,2]<\/sup><\/a>.\n\n<\/div>\n<\/div>\n<div class=\"row center-xs middle-xs\">\n<div class=\"col-sm-9\" data-type=\"column\"><\/div>\n<\/div>\n<\/div>\n<div class=\"section-separator-bottom\"><\/div>\n<\/div>\n<div id=\"primeros-sintomas\" class=\"content-2 content-section content-section-spacing white-text\" style=\"background-color: #97c21e; background-image: none;\" data-label=\"Primeros s\u00edntomas\" data-id=\"content--4\" data-export-id=\"content-2\" data-category=\"content\" data-section-ov=\"1\">\n<div>\n<div class=\"row middle-xs\">\n<div class=\"col-sm-5 bg-image shadow-large-black\" style=\"background-image: url('https:\/\/cmt-awareness.com\/wp-content\/uploads\/2018\/10\/cropped-ECMT_illustration_Homme_Femme_ES.jpg');\" data-bg=\"image\"><\/div>\n<div class=\"col-sm-7 full-col-left-padding full-col-right-padding\">\n<div class=\"row\">\n<div class=\"space-bottom-small content-title-col\" data-type=\"column\">\n<h2 class=\"\">\u00bfCu\u00e1les son los primeros s\u00edntomas de la CMT?<\/h2>\n<p class=\"\">Los primeros s\u00edntomas de la CMT incluyen con frecuencia marcha equina, torpeza y sensaci\u00f3n de quemaz\u00f3n en pies y manos. Tambi\u00e9n son comunes los dolores musculoesquel\u00e9ticos, los esguinces y las fracturas de tobillo, y una mala calidad de vida.<\/p>\nLos principales s\u00edntomas de la CMT1A son debilidad de los pies y de los tobillos, atrofia muscular sim\u00e9trica por debajo de las rodillas, alteraciones de la marcha y p\u00e9rdida sensorial distal.\n\nSon comunes las sensaciones anormales en las extremidades y una incapacidad para sentir d\u00f3nde se sit\u00faa el cuerpo en el espacio.\n\nTambi\u00e9n es frecuente tener una baja tolerancia a temperaturas frescas o fr\u00edas: muchas personas presentan manos y pies fr\u00edos de manera cr\u00f3nica.\n\nOtros s\u00edntomas pueden incluir fatiga, apnea del sue\u00f1o, dificultad para respirar, escoliosis, cifosis y p\u00e9rdida de audici\u00f3n.\n<h2 class=\"\">\u00bfExiste tratamiento para la CMT?<\/h2>\n<p class=\"\">Actualmente no hay tratamientos curativos o modificadores de la enfermedad para la CMT1A. La gesti\u00f3n del paciente es conservadora, con fisioterapia, terapia ocupacional, ayudas t\u00e9cnicas, \u00f3rtesis, tratamientos para el dolor y, en casos excepcionales, cirug\u00eda ortop\u00e9dica<sup><a href=\"bibliografia\/\" target=\"_self\" rel=\"noopener noreferrer\" data-cp-link=\"1\"> [4]<\/a>.<\/sup><\/p>\nHay varios medicamentos en desarrollo cl\u00ednico; esto se traduce en que pronto podr\u00eda ser todav\u00eda m\u00e1s importante identificar pacientes que presenten esta enfermedad <a href=\"bibliografia\/\" target=\"_self\" rel=\"noopener noreferrer\" data-cp-link=\"1\"><sup>[5,6]<\/sup><\/a>.\n\n<\/div>\n<\/div>\n<div class=\"row spaced-cols \" data-type=\"row\">\n<div class=\"col-xs-6\" data-type=\"column\"><\/div>\n<\/div>\n<\/div>\n<\/div>\n<\/div>\n<\/div>\n<div id=\"movilizacion\" class=\"gallery-1 content-section content-section-spacing white-text\" style=\"background-color: #009edf; background-image: none;\" data-label=\"MOVILIZACI\u00d3N\" data-id=\"gallery--1\" data-export-id=\"gallery-1\" data-category=\"gallery\">\n<div class=\"gridContainer\">\n<div class=\"row\">\n<div class=\"section-title-col\" data-type=\"column\">\n<h2 class=\"\">MOVILIZACI\u00d3N PARA REDUCIR la b\u00d9squeda DE DIAGN\u00d3STICO<\/h2>\n<\/div>\n<\/div>\n<div class=\"row text-center\">\n<div class=\"col-xs-12\" data-editable=\"true\" data-content-shortcode=\"mesmerize_gallery id=&quot;mesmerize-gallery-1&quot; columns=&quot;3&quot; ids=&quot;4449,4443,4455&quot; lb=&quot;1&quot; masonry=&quot;1&quot; size=&quot;large&quot; link=&quot;file&quot; \"><div id='mesmerize-gallery-1' class='gallery-wrapper'><style type=\"text\/css\">\n                    @media only screen and (min-width: 768px) {\n                    [data-unique-id='mesmerize-gallery-1-69eb9c796b8f6'] dl {\n                        float: left;\n                        width: 33.333333333333% !important;\n                        max-width:  33.333333333333% !important;\n                        min-width:  33.333333333333% !important;\n                    }\n\n                    [data-unique-id='mesmerize-gallery-1-69eb9c796b8f6'] dl:nth-of-type(3n +1 ) {\n                      clear: both;\n                      }\n                    }\n                <\/style><div id='mesmerize-gallery-1' class='mesmerize-gallery-1-dls-wrapper gallery-items-wrapper materialis-gallery' data-unique-id='mesmerize-gallery-1-69eb9c796b8f6'><dl class='gallery-item'>\n\t\t\t<dt class='gallery-icon landscape'>\n\t\t\t\t<a data-fancybox=\"mesmerize-gallery-1-group\" href='https:\/\/cmt-awareness.com\/wp-content\/uploads\/2022\/10\/ECMTF_VISUEL_2022_1080X1080_ESP3.jpg'><img fetchpriority=\"high\" decoding=\"async\"  width=\"1024\" height=\"1024\" src=\"https:\/\/cmt-awareness.com\/wp-content\/uploads\/2022\/10\/ECMTF_VISUEL_2022_1080X1080_ESP3-1024x1024.jpg\"  class='mesmerize-gallery-1-image' alt=\"\" srcset=\"https:\/\/cmt-awareness.com\/wp-content\/uploads\/2022\/10\/ECMTF_VISUEL_2022_1080X1080_ESP3-1024x1024.jpg 1024w, https:\/\/cmt-awareness.com\/wp-content\/uploads\/2022\/10\/ECMTF_VISUEL_2022_1080X1080_ESP3-300x300.jpg 300w, https:\/\/cmt-awareness.com\/wp-content\/uploads\/2022\/10\/ECMTF_VISUEL_2022_1080X1080_ESP3-150x150.jpg 150w, https:\/\/cmt-awareness.com\/wp-content\/uploads\/2022\/10\/ECMTF_VISUEL_2022_1080X1080_ESP3-768x768.jpg 768w, https:\/\/cmt-awareness.com\/wp-content\/uploads\/2022\/10\/ECMTF_VISUEL_2022_1080X1080_ESP3.jpg 1080w\" sizes=\"(max-width: 1024px) 100vw, 1024px\" \/><\/a>\n\t\t\t<\/dt><\/dl><dl class='gallery-item'>\n\t\t\t<dt class='gallery-icon landscape'>\n\t\t\t\t<a data-fancybox=\"mesmerize-gallery-1-group\" href='https:\/\/cmt-awareness.com\/wp-content\/uploads\/2022\/10\/ECMTF_VISUEL_2022_1080X1080_ESP2.jpg'><img decoding=\"async\"  width=\"1024\" height=\"1024\" src=\"https:\/\/cmt-awareness.com\/wp-content\/uploads\/2022\/10\/ECMTF_VISUEL_2022_1080X1080_ESP2-1024x1024.jpg\"  class='mesmerize-gallery-1-image' alt=\"\" srcset=\"https:\/\/cmt-awareness.com\/wp-content\/uploads\/2022\/10\/ECMTF_VISUEL_2022_1080X1080_ESP2-1024x1024.jpg 1024w, https:\/\/cmt-awareness.com\/wp-content\/uploads\/2022\/10\/ECMTF_VISUEL_2022_1080X1080_ESP2-300x300.jpg 300w, https:\/\/cmt-awareness.com\/wp-content\/uploads\/2022\/10\/ECMTF_VISUEL_2022_1080X1080_ESP2-150x150.jpg 150w, https:\/\/cmt-awareness.com\/wp-content\/uploads\/2022\/10\/ECMTF_VISUEL_2022_1080X1080_ESP2-768x768.jpg 768w, https:\/\/cmt-awareness.com\/wp-content\/uploads\/2022\/10\/ECMTF_VISUEL_2022_1080X1080_ESP2.jpg 1080w\" sizes=\"(max-width: 1024px) 100vw, 1024px\" \/><\/a>\n\t\t\t<\/dt><\/dl><dl class='gallery-item'>\n\t\t\t<dt class='gallery-icon landscape'>\n\t\t\t\t<a data-fancybox=\"mesmerize-gallery-1-group\" href='https:\/\/cmt-awareness.com\/wp-content\/uploads\/2022\/10\/ECMTF_VISUEL_2022_1080X1080_ESP.jpg'><img decoding=\"async\"  width=\"1024\" height=\"1024\" src=\"https:\/\/cmt-awareness.com\/wp-content\/uploads\/2022\/10\/ECMTF_VISUEL_2022_1080X1080_ESP-1024x1024.jpg\"  class='mesmerize-gallery-1-image' alt=\"\" srcset=\"https:\/\/cmt-awareness.com\/wp-content\/uploads\/2022\/10\/ECMTF_VISUEL_2022_1080X1080_ESP-1024x1024.jpg 1024w, https:\/\/cmt-awareness.com\/wp-content\/uploads\/2022\/10\/ECMTF_VISUEL_2022_1080X1080_ESP-300x300.jpg 300w, https:\/\/cmt-awareness.com\/wp-content\/uploads\/2022\/10\/ECMTF_VISUEL_2022_1080X1080_ESP-150x150.jpg 150w, https:\/\/cmt-awareness.com\/wp-content\/uploads\/2022\/10\/ECMTF_VISUEL_2022_1080X1080_ESP-768x768.jpg 768w, https:\/\/cmt-awareness.com\/wp-content\/uploads\/2022\/10\/ECMTF_VISUEL_2022_1080X1080_ESP.jpg 1080w\" sizes=\"(max-width: 1024px) 100vw, 1024px\" \/><\/a>\n\t\t\t<\/dt><\/dl>\n\t\t<\/div>\n<script>(function($){window.MaterialisCaptionsGallery && window.MaterialisCaptionsGallery($('[data-unique-id=\"mesmerize-gallery-1-69eb9c796b8f6\"]'))})(jQuery)<\/script><\/div><\/div>\n<\/div>\n<\/div>\n<\/div>\n<div id=\"cta-3\" class=\"cta-centered-bg-section content-section content-section-spacing-medium white-text\" style=\"background-color: #009edf; background-image: none;\" data-label=\"Cta\" data-id=\"cta--3\" data-export-id=\"cta-centered-bg-section\" data-category=\"cta\" data-section-ov=\"1\" data-parallax-depth=\"20\">\n<div class=\"gridContainer\">\n<div class=\"row text-center\">\n<div class=\"\" data-type=\"column\"><a class=\"button color2\" href=\"https:\/\/cmt-awareness.com\/es\/movilizaciones-anteriores\" target=\"_self\" rel=\"noopener noreferrer\" data-cp-link=\"1\" data-icon=\"\">MOVILIZACIONES ANTERIORES<\/a><a class=\"button color3\" href=\"\/category\/blog\" target=\"_self\" rel=\"noopener\" data-cp-link=\"1\" data-icon=\"\">BLOG<\/a><\/div>\n<\/div>\n<\/div>\n<\/div>\n<div id=\"cta-2\" class=\"cta-blue-section content-section content-section-spacing-medium bg-color1 white-text\" style=\"background-image: none; background-color: #97c21e;\" data-label=\"Cta\" data-id=\"cta--2\" data-export-id=\"cta-blue-section\" data-category=\"cta\">\n<div class=\"gridContainer\">\n<div class=\"row middle-xs\">\n<div class=\"col-sm-8 space-bottom-xs\" data-type=\"column\">\n<h2 class=\"\">Ay\u00fadanos a aprender m\u00e1s<\/h2>\n<\/div>\n<div class=\"col-sm-4 end-sm\" data-type=\"column\"><a class=\"button color4 dark-text round\" href=\"https:\/\/docs.google.com\/forms\/d\/1lIvqICoxIPrzAw_g6poX2r0cMn3xTmavXFXao70X-Oc\" target=\"_blank\" rel=\"noopener noreferrer\" data-cp-link=\"1\" data-icon=\"\">2 MIN PARA RESPONDER<\/a><\/div>\n<\/div>\n<\/div>\n<\/div>\n<div id=\"asociaciones\" class=\"content-3 content-section content-section-spacing\" style=\"background-color: #ffffff; background-image: none;\" data-label=\"ASOCIACIONES\" data-id=\"content--2\" data-export-id=\"content-3\" data-category=\"content\">\n<div class=\"\">\n<div class=\"row middle-xs\">\n<div class=\"col-sm-7 full-col-left-padding full-col-right-padding\">\n<div class=\"row\">\n<div class=\"space-bottom-small content-title-col\" data-type=\"column\">\n<h2 class=\"\">\u00bfD\u00f3nde se puede obtener m\u00e1s informaci\u00f3n?<\/h2>\n<p class=\"\">Algunos m\u00e9dicos de cabecera, neur\u00f3logos y pod\u00f3logos pueden ser conocedores de la existencia, de los s\u00edntomas espec\u00edficos y del abordaje terap\u00e9utico de la CMT.<\/p>\nPor desgracia, los errores de diagn\u00f3stico son todav\u00eda muy frecuentes en la actualidad.\n\nDurante las campa\u00f1as de sensibilizaci\u00f3n y en diversos momentos a lo largo del a\u00f1o, cada asociaci\u00f3n europea proporciona informaci\u00f3n y asesoramiento para usted o su familia.\n\n<\/div>\n<\/div>\n<div class=\"row spaced-cols\" data-type=\"row\">\n<div class=\"col-xs-6\" data-type=\"column\">\n<h5 class=\"\"><span style=\"color: #97c21e;\"><a href=\"https:\/\/www.acmt-rete.it\/\" target=\"_blank\" rel=\"noopener\" data-cp-link=\"1\">ITALIA: ACMT-Rete<\/a><\/span><\/h5>\n<\/div>\n<div class=\"col-xs-6\" data-type=\"column\">\n<h5 class=\"\"><span style=\"color: #97c21e;\"><a href=\"https:\/\/www.progettomitofusina2.com\/en\/\" target=\"_blank\" rel=\"noopener\" data-cp-link=\"1\">ITALIA: Progetto Mitofusina 2<\/a><\/span><\/h5>\n<\/div>\n<div class=\"col-xs-6\" data-type=\"column\">\n<h5 class=\"\"><span style=\"color: #97c21e;\"><a class=\"\" href=\"http:\/\/www.aicmt.it\" target=\"_blank\" rel=\"noopener noreferrer\" data-cp-link=\"1\">ITALIA: AICMT<\/a><\/span><\/h5>\n<\/div>\n<div class=\"col-xs-6\" data-type=\"column\">\n<h5 class=\"\"><span style=\"color: #97c21e;\"><a class=\"\" href=\"http:\/\/www.cmt.org.uk\" target=\"_blank\" rel=\"noopener noreferrer\" data-cp-link=\"1\" data-wplink-edit=\"true\">Reino Unido: CMT UK<\/a><\/span><\/h5>\n<\/div>\n<div class=\"col-xs-6\" data-type=\"column\">\n<h5 class=\"\"><span style=\"color: #97c21e;\"><a href=\"https:\/\/www.spierziekten.nl\/\" target=\"_blank\" rel=\"noopener\" data-cp-link=\"1\">Pa\u00edses Bajos: Spierziekten Nederland<\/a><\/span><\/h5>\n<\/div>\n<div class=\"col-xs-6\" data-type=\"column\">\n<h5 class=\"\"><span style=\"color: #97c21e;\"><a href=\"http:\/\/spierziektenvlaanderen.be\/\" target=\"_blank\" rel=\"noopener\" data-cp-link=\"1\">B\u00c9LGICA: Spierziekten Vlaanderen<\/a><\/span><\/h5>\n<\/div>\n<div class=\"col-xs-6\" data-type=\"column\">\n<h5 class=\"\"><span style=\"color: #97c21e;\"><a class=\"\" href=\"http:\/\/www.cmt-france.org\" target=\"_blank\" rel=\"noopener noreferrer\" data-cp-link=\"1\">FRANCIA:\u00a0CMT France<\/a><\/span><\/h5>\n<\/div>\n<div class=\"col-xs-6\" data-type=\"column\">\n<h5 class=\"\"><span style=\"color: #97c21e;\"><a class=\"\" href=\"http:\/\/www.cmt-austria.at\/cms\/\" target=\"_blank\" rel=\"noopener noreferrer\" data-cp-link=\"1\">AUSTRIA: CMT Austria<\/a><\/span><\/h5>\n<\/div>\n<div class=\"col-xs-6\" data-type=\"column\">\n<h5 class=\"\"><span style=\"color: #97c21e;\"><a href=\"https:\/\/www.dgm.org\/publikationen\/wissenswertes-hmsn-cmt\" target=\"_blank\" rel=\"noopener\" data-cp-link=\"1\">ALEMANIA: DGM (Deutsche Gesellschaft f\u00fcr Muskelkranke e.V.)<\/a><\/span><\/h5>\n<\/div>\n<div class=\"col-xs-6\" data-type=\"column\">\n<h5 class=\"\"><span style=\"color: #97c21e;\"><a href=\"https:\/\/www.asociatiacmt.ro\/\" target=\"_blank\" rel=\"noopener\" data-cp-link=\"1\">RUMANIA: Asociatia Charcot Marie Tooth<\/a><\/span><\/h5>\n<\/div>\n<div class=\"col-xs-6\" data-type=\"column\">\n<h5 class=\"\"><span style=\"color: #97c21e;\"><a href=\"https:\/\/www.cmt-net.de\/\" target=\"_blank\" rel=\"noopener\" data-cp-link=\"1\">ALEMANIA: CMT Net<\/a><\/span><\/h5>\n<\/div>\n<div class=\"col-xs-6\" data-type=\"column\">\n<h5 class=\"\"><span style=\"color: #97c21e;\"><a href=\"https:\/\/neuromovecmt.ro\/cine-suntem\/\" target=\"_blank\" rel=\"noopener\" data-cp-link=\"1\">RUMANIA: Neuro Move CMT<\/a><\/span><\/h5>\n<\/div>\n<div class=\"col-xs-6\" data-type=\"column\">\n<h5 class=\"\"><span style=\"color: #97c21e;\"><a href=\"https:\/\/www.asem-esp.org\/\" target=\"_blank\" rel=\"noopener\" data-cp-link=\"1\">ESPA\u00d1A: Federaci\u00f3n ASEM<\/a><\/span><\/h5>\n<\/div>\n<div class=\"col-xs-6\" data-type=\"column\">\n<h5 class=\"\"><span style=\"color: #97c21e;\"><a href=\"https:\/\/wonderfloraandcmt.hu\/\" target=\"_blank\" rel=\"noopener\" data-cp-link=\"1\">HUNGR\u00cdA: WonderFlora &amp; CMT Alap\u00edtv\u00e1ny<\/a><\/span><\/h5>\n<\/div>\n<div class=\"col-xs-6\" data-type=\"column\">\n<h5 class=\"\"><span style=\"color: #97c21e;\"><a href=\"https:\/\/elmotordetuspasos.com\/\" target=\"_blank\" rel=\"noopener\" data-cp-link=\"1\">ESPA\u00d1A: El Motor de tus Pasos<\/a><\/span><\/h5>\n<\/div>\n<div class=\"col-xs-6\" data-type=\"column\">\n<h5 class=\"\"><span style=\"color: #97c21e;\"><a href=\"http:\/\/www.c-m-t.cz.\/\" target=\"_blank\" rel=\"noopener\" data-cp-link=\"1\">REP\u00daBLICA CHECA: Spole\u010dnost C-M-T<\/a><\/span><\/h5>\n<\/div>\n<div class=\"col-xs-6\" data-type=\"column\">\n<h5 class=\"\"><span style=\"color: #97c21e;\"><a href=\"https:\/\/elmotordetuspasos.com\/\" target=\"_blank\" rel=\"noopener\" data-cp-link=\"1\">ISRAEL: CMT-Isra\u00ebl<\/a><\/span><\/h5>\n<\/div>\n<div class=\"col-xs-6\" data-type=\"column\">\n<h5 class=\"\"><span style=\"color: #97c21e;\"><a href=\"http:\/\/www.cmtchina.org\/\" target=\"_blank\" rel=\"noopener\" data-cp-link=\"1\">CHINA: CMT-China<\/a><\/span><\/h5>\n<\/div>\n<div class=\"col-xs-6\" data-type=\"column\">\n<h5 class=\"\"><span style=\"color: #97c21e;\"><a href=\"https:\/\/www.hnf-cure.org\/\" target=\"_blank\" rel=\"noopener\" data-cp-link=\"1\">ESTADOS UNIDOS DE AM\u00c9RICA: HNF (Hereditary Neuropathy Foundation)<\/a><\/span><\/h5>\n<\/div>\n<div class=\"col-xs-6\" data-type=\"column\">\n<h5 class=\"\" style=\"text-align: center;\"><span style=\"color: #0a0101;\"><a class=\"\" href=\"http:\/\/www.ecmtf.org\" target=\"_blank\" rel=\"noopener noreferrer\" data-cp-link=\"1\">European CMT Federation \u2013 www.ecmtf.org<\/a><\/span><\/h5>\n<\/div>\n<\/div>\n<\/div>\n<div class=\"col-sm-5 bg-image shadow-large-black revert-classes-holder\" style=\"background-image: url('https:\/\/cmt-awareness.com\/wp-content\/uploads\/2018\/10\/soutient.jpg');\" data-bg=\"image\"><\/div>\n<\/div>\n<\/div>\n<\/div>\n<div id=\"about-1\" class=\"about-text-image content-section content-section-spacing\" style=\"background-color: #ffffff; background-image: none;\" data-label=\"About\" data-id=\"about--1\" data-export-id=\"about-text-image\" data-category=\"about\">\n<div class=\"gridContainer\">\n<div class=\"row\">\n<div class=\"col-sm-6 col-padding-small-xs col-sm-padding-large bg-color5 white-text content-col\" data-type=\"column\"><\/div>\n<\/div>\n<\/div>\n<\/div>\n<div id=\"cta-1\" class=\"cta-centered-bg-section content-section content-section-spacing-medium white-text\" style=\"background-color: #f07c01; background-image: none;\" data-label=\"Cta\" data-id=\"cta--1\" data-export-id=\"cta-centered-bg-section\" data-category=\"cta\" data-section-ov=\"1\" data-parallax-depth=\"20\">\n<div class=\"gridContainer\">\n<div class=\"row text-center\">\n<div class=\"\" data-type=\"column\">\n<h2 class=\"\">\u00a1EL SILENCIO NO ES M\u00c1S POSIBLE!<\/h2>\n<\/div>\n<\/div>\n<\/div>\n<\/div>\n<div id=\"contact\" class=\"contact-1 content-section content-section-spacing white-text\" style=\"background-image: url('https:\/\/aggelos-web12.fr\/cmt-awareness\/wp-content\/uploads\/2018\/09\/1082-1.jpg'); background-size: cover; background-position: center top;\" data-label=\"CONTACT\" data-id=\"contact-1\" data-export-id=\"contact-1\" data-category=\"contact\" data-parallax-depth=\"20\">\n<div class=\"gridContainer\">\n<div class=\"row text-center\">\n<div class=\"section-title-col\" data-type=\"column\">\n<h2 class=\"\">CONT\u00c1CTENOS<\/h2>\n<p class=\"lead\"><span style=\"font-weight: 600;\">ECMTF \/\u00a0Fondation Universitaire<\/span><\/p>\n11 Rue D\u2019Egmont \u2013 B-1000 Brussels \u2013 Belgium\n<p class=\"lead\">President: Filippo Genovese<\/p>\nVice President: Ingolf Pernice\n\n<\/div>\n<\/div>\n<div class=\"row text-center\">\n<div class=\"col-xs-12 col-sm-8 col-sm-offset-2 contact-form-wrapper inline-info\">\n<div class=\"card large-padding\">\n<div class=\"\" data-content-shortcode=\"mesmerize_contact_form shortcode=&quot;formidable id=10&quot;\" data-editable=\"true\"><link rel='stylesheet' id='formidable-css' href='https:\/\/cmt-awareness.com\/wp-content\/plugins\/formidable\/css\/formidableforms.css?ver=3311502' type='text\/css' media='all' \/>\n<div class=\"frm_forms  with_frm_style frm_style_style-formidable\" id=\"frm_form_10_container\" data-token=\"537f8a702c48671e6116da39252c8a64\">\n<form enctype=\"multipart\/form-data\" method=\"post\" class=\"frm-show-form  frm_pro_form  frm_ajax_submit \" id=\"form_contact-form322\"  data-token=\"537f8a702c48671e6116da39252c8a64\">\n<div class=\"frm_form_fields \">\n<fieldset>\n<legend class=\"frm_screen_reader\">Contact Us (es)<\/legend>\r\n\r\n<div class=\"frm_fields_container\">\n<input type=\"hidden\" name=\"frm_action\" value=\"create\" \/>\n<input type=\"hidden\" name=\"form_id\" value=\"10\" \/>\n<input type=\"hidden\" name=\"frm_hide_fields_10\" id=\"frm_hide_fields_10\" value=\"\" \/>\n<input type=\"hidden\" name=\"form_key\" value=\"contact-form322\" \/>\n<input type=\"hidden\" name=\"item_meta[0]\" value=\"\" \/>\n<input type=\"hidden\" id=\"frm_submit_entry_10\" name=\"frm_submit_entry_10\" value=\"96b17043fd\" \/><input type=\"hidden\" name=\"_wp_http_referer\" value=\"\/es\/wp-json\/wp\/v2\/pages\/383\" \/><div id=\"frm_field_93_container\" class=\"frm_form_field form-field  frm_required_field frm_top_container frm_first frm_half\">\r\n    <label for=\"field_qh4icy43\" class=\"frm_primary_label\">Nombre\r\n        <span class=\"frm_required\"><\/span>\r\n    <\/label>\r\n    <input type=\"text\" id=\"field_qh4icy43\" name=\"item_meta[93]\" value=\"\"  data-reqmsg=\"Ce champ ne peut pas \u00eatre vide\" aria-required=\"true\" data-invmsg=\"Name est non valide\" aria-invalid=\"false\"  \/>\r\n    \r\n    \r\n<\/div>\n<div id=\"frm_field_94_container\" class=\"frm_form_field form-field  frm_required_field frm_hidden_container frm_half\">\r\n    <label for=\"field_ocfup143\" class=\"frm_primary_label\">Apellido \r\n        <span class=\"frm_required\"><\/span>\r\n    <\/label>\r\n    <input type=\"text\" id=\"field_ocfup143\" name=\"item_meta[94]\" value=\"\"  data-reqmsg=\"Ce champ ne peut pas \u00eatre vide\" aria-required=\"true\" data-invmsg=\"Last est non valide\" aria-invalid=\"false\"  \/>\r\n    \r\n    \r\n<\/div>\n<div id=\"frm_field_95_container\" class=\"frm_form_field form-field  frm_required_field frm_top_container frm_full\">\r\n    <label for=\"field_29yf4d43\" class=\"frm_primary_label\">Correo electr\u00f3nico \r\n        <span class=\"frm_required\"><\/span>\r\n    <\/label>\r\n    <input type=\"email\" id=\"field_29yf4d43\" name=\"item_meta[95]\" value=\"\"  data-reqmsg=\"Ce champ ne peut pas \u00eatre vide\" aria-required=\"true\" data-invmsg=\"Please enter a valid email address\" aria-invalid=\"false\"  \/>\r\n    \r\n    \r\n<\/div>\n<div id=\"frm_field_96_container\" class=\"frm_form_field form-field  frm_required_field frm_top_container frm_full\">\r\n    <label for=\"field_e6lis642\" class=\"frm_primary_label\">Asunto \r\n        <span class=\"frm_required\"><\/span>\r\n    <\/label>\r\n    <input type=\"text\" id=\"field_e6lis642\" name=\"item_meta[96]\" value=\"\"  data-reqmsg=\"Ce champ ne peut pas \u00eatre vide\" aria-required=\"true\" data-invmsg=\"Subject est non valide\" aria-invalid=\"false\"  \/>\r\n    \r\n    \r\n<\/div>\n<div id=\"frm_field_97_container\" class=\"frm_form_field form-field  frm_required_field frm_top_container frm_full\">\r\n    <label for=\"field_9jv0r143\" class=\"frm_primary_label\">Mensaje\r\n        <span class=\"frm_required\"><\/span>\r\n    <\/label>\r\n    <textarea name=\"item_meta[97]\" id=\"field_9jv0r143\" rows=\"5\"  data-reqmsg=\"Ce champ ne peut pas \u00eatre vide\" aria-required=\"true\" data-invmsg=\"Mensaje no es v\u00e1lido\" aria-invalid=\"false\"  ><\/textarea>\r\n    \r\n    \r\n<\/div>\n<div id=\"frm_field_105_container\" class=\"frm_form_field form-field  frm_none_container\">\n    <label for=\"g-recaptcha-response\" id=\"field_gfa73_label\" class=\"frm_primary_label\">reCAPTCHA\n        <span class=\"frm_required\" aria-hidden=\"true\"><\/span>\n    <\/label>\n    <div id=\"field_gfa73\" class=\"g-recaptcha\" data-sitekey=\"6Lfu058sAAAAADYfprtkHWKpoN_6K-Zab5UTiOmw\" data-size=\"normal\" data-theme=\"light\"><\/div>\n    \n    \n<\/div>\n\t<input type=\"hidden\" name=\"item_key\" value=\"\" \/>\n\t\t\t\t<div class=\"frm_verify\" >\n\t\t\t\t<label for=\"frm_email_10\">\n\t\t\t\t\tSi eres humano, deja este campo en blanco.\t\t\t\t<\/label>\n\t\t\t\t<input type=\"email\" class=\"frm_verify\" id=\"frm_email_10\" name=\"frm_verify\" value=\"\"  \/>\n\t\t\t<\/div>\n\t\t<div class=\"frm_submit\">\r\n\r\n<button class=\"frm_button_submit frm_final_submit\" type=\"submit\"   formnovalidate=\"formnovalidate\">Submit<\/button>\r\n\r\n<\/div><\/div>\n<\/fieldset>\n<\/div>\n<\/form>\n<\/div>\n<\/div>\n<\/div>\n<\/div>\n<\/div>\n<\/div>\n<\/div>","protected":false},"excerpt":{"rendered":"<p>\u00bfQu\u00e9 es la CMT? Se trata de una enfermedad de los nervios perif\u00e9ricos que controlan los m\u00fasculos (a diferencia de las distrofias musculares, que afectan a los propios m\u00fasculos). [1,2] Antes de la biolog\u00eda molecular y las pruebas gen\u00e9ticas, la enfermedad de Charcot-Marie-Tooth (CMT) se clasificaba generalmente en la de tipo 1 (con velocidades de&hellip; <br \/> <a class=\"read-more\" href=\"https:\/\/cmt-awareness.com\/es\/home\/\">Read more<\/a><\/p>\n","protected":false},"author":9,"featured_media":0,"parent":0,"menu_order":0,"comment_status":"closed","ping_status":"closed","template":"page-templates\/homepage.php","meta":{"footnotes":""},"class_list":["post-383","page","type-page","status-publish","hentry"],"acf":[],"_links":{"self":[{"href":"https:\/\/cmt-awareness.com\/es\/wp-json\/wp\/v2\/pages\/383","targetHints":{"allow":["GET"]}}],"collection":[{"href":"https:\/\/cmt-awareness.com\/es\/wp-json\/wp\/v2\/pages"}],"about":[{"href":"https:\/\/cmt-awareness.com\/es\/wp-json\/wp\/v2\/types\/page"}],"author":[{"embeddable":true,"href":"https:\/\/cmt-awareness.com\/es\/wp-json\/wp\/v2\/users\/9"}],"replies":[{"embeddable":true,"href":"https:\/\/cmt-awareness.com\/es\/wp-json\/wp\/v2\/comments?post=383"}],"version-history":[{"count":37,"href":"https:\/\/cmt-awareness.com\/es\/wp-json\/wp\/v2\/pages\/383\/revisions"}],"predecessor-version":[{"id":5160,"href":"https:\/\/cmt-awareness.com\/es\/wp-json\/wp\/v2\/pages\/383\/revisions\/5160"}],"wp:attachment":[{"href":"https:\/\/cmt-awareness.com\/es\/wp-json\/wp\/v2\/media?parent=383"}],"curies":[{"name":"wp","href":"https:\/\/api.w.org\/{rel}","templated":true}]}}