{"id":4292,"date":"2022-09-30T15:52:45","date_gmt":"2022-09-30T13:52:45","guid":{"rendered":"https:\/\/cmt-awareness.com\/?page_id=4292"},"modified":"2022-09-30T17:03:55","modified_gmt":"2022-09-30T15:03:55","slug":"donar","status":"publish","type":"page","link":"https:\/\/cmt-awareness.com\/es\/donar\/","title":{"rendered":"Donar"},"content":{"rendered":"\n<h2 class=\"wp-block-heading\">Su apoyo nos ayuda a:<\/h2>\n\n\n\n<ul class=\"wp-block-list\"><li>Comunicar, sensibilizar sobre el CMT y reducir los errores de diagn\u00f3stico<\/li><li>Dar valor a los pacientes y sus familias cuando hablan de sus experiencias<\/li><li>Ayudar al progreso de la ciencia m\u00e9dica y la investigaci\u00f3n<\/li><\/ul>\n\n\n\n<div class=\"wp-block-buttons is-layout-flex wp-block-buttons-is-layout-flex\">\n<div class=\"wp-block-button\"><a class=\"wp-block-button__link\" href=\"https:\/\/ecmtf.org\/donate\/\" target=\"_blank\" rel=\"noreferrer noopener\">Done aqu\u00ed<\/a><\/div>\n<\/div>\n","protected":false},"excerpt":{"rendered":"<p>Su apoyo nos ayuda a: Comunicar, sensibilizar sobre el CMT y reducir los errores de diagn\u00f3stico Dar valor a los pacientes y sus familias cuando hablan de sus experiencias Ayudar al progreso de la ciencia m\u00e9dica y la investigaci\u00f3n<\/p>\n","protected":false},"author":9,"featured_media":0,"parent":0,"menu_order":0,"comment_status":"closed","ping_status":"closed","template":"","meta":{"footnotes":""},"class_list":["post-4292","page","type-page","status-publish","hentry"],"acf":[],"_links":{"self":[{"href":"https:\/\/cmt-awareness.com\/es\/wp-json\/wp\/v2\/pages\/4292","targetHints":{"allow":["GET"]}}],"collection":[{"href":"https:\/\/cmt-awareness.com\/es\/wp-json\/wp\/v2\/pages"}],"about":[{"href":"https:\/\/cmt-awareness.com\/es\/wp-json\/wp\/v2\/types\/page"}],"author":[{"embeddable":true,"href":"https:\/\/cmt-awareness.com\/es\/wp-json\/wp\/v2\/users\/9"}],"replies":[{"embeddable":true,"href":"https:\/\/cmt-awareness.com\/es\/wp-json\/wp\/v2\/comments?post=4292"}],"version-history":[{"count":2,"href":"https:\/\/cmt-awareness.com\/es\/wp-json\/wp\/v2\/pages\/4292\/revisions"}],"predecessor-version":[{"id":4299,"href":"https:\/\/cmt-awareness.com\/es\/wp-json\/wp\/v2\/pages\/4292\/revisions\/4299"}],"wp:attachment":[{"href":"https:\/\/cmt-awareness.com\/es\/wp-json\/wp\/v2\/media?parent=4292"}],"curies":[{"name":"wp","href":"https:\/\/api.w.org\/{rel}","templated":true}]}}