{"id":350,"date":"2018-09-10T14:23:05","date_gmt":"2018-09-10T12:23:05","guid":{"rendered":"https:\/\/cmt-awareness.com\/home\/"},"modified":"2024-10-04T10:07:09","modified_gmt":"2024-10-04T08:07:09","slug":"home","status":"publish","type":"page","link":"https:\/\/cmt-awareness.com\/fr\/home\/","title":{"rendered":"Accueil"},"content":{"rendered":"<div id=\"qu-est-ce-que-la-cmt\" class=\"content-12 content-section content-section-spacing content-relative\" style=\"background-color: #ffffff; background-image: none;\" data-label=\"Qu\u2019est-ce que la CMT ?\" data-id=\"content--1\" data-export-id=\"content-12\" data-category=\"content\">\n<div class=\"gridContainer\">\n<div class=\"row text-center\">\n<div class=\"section-title-col\" data-type=\"column\">\n<h2 class=\"\">Qu\u2019est-ce que la CMT ?<\/h2>\n<p class=\"lead\">Il s\u2019agit d\u2019une maladie qui touche les nerfs p\u00e9riph\u00e9riques contr\u00f4lant les muscles (contrairement aux dystrophies musculaires qui touchent directement les muscles). <a href=\"bibliographie\/\" target=\"_self\" rel=\"noopener noreferrer\" data-cp-link=\"1\"><sup>[1,2]<\/sup><\/a><\/p>\nAvant la biologie mol\u00e9culaire et le d\u00e9pistage g\u00e9n\u00e9tique, les maladies de Charcot-Marie-Tooth (CMT) \u00e9taient class\u00e9es en deux grandes cat\u00e9gories : les CMT de type 1 (avec des vitesses de conduction nerveuse anormalement lentes, ce qui sugg\u00e8re une d\u00e9my\u00e9linisation) et les CMT de type 2 (avec des vitesses de conduction nerveuse normales, ce qui sugg\u00e8re une d\u00e9g\u00e9n\u00e9rescence axonale ou neuronale).\n\nC\u2019est la maladie g\u00e9n\u00e9tique h\u00e9r\u00e9ditaire neuromusculaire la plus r\u00e9pandue : elle touche plus de 2,8 millions de personnes dans le monde, hommes et femmes, tous groupes ethniques et origines confondus.\nCes neuropathies rares, h\u00e9r\u00e9ditaires et lentement \u00e9volutives, connues sous le nom des maladies de Charcot-Marie-Tooth, ont \u00e9t\u00e9 \u00e9tudi\u00e9es de mani\u00e8re ind\u00e9pendante par Charcot et Marie en France, et par Tooth au Royaume-Uni.\n\nElles peuvent se manifester \u00e0 tout \u00e2ge, mais elles sont plus fr\u00e9quentes de 0 \u00e0 20 ans <a href=\"bibliographie\/\" target=\"_self\" rel=\"noopener noreferrer\" data-cp-link=\"1\"><sup>[1,2]<\/sup><\/a>.\n\n<\/div>\n<\/div>\n<div class=\"row center-xs middle-xs\">\n<div class=\"col-sm-9\" data-type=\"column\"><\/div>\n<\/div>\n<\/div>\n<div class=\"section-separator-bottom\"><\/div>\n<\/div>\n<div id=\"quels-sont-les-signes-de-la-cmt\" class=\"content-2 content-section content-section-spacing white-text\" style=\"background-color: #97c21e; background-image: none;\" data-label=\"Quels sont les signes de la CMT ?\" data-id=\"content--4\" data-export-id=\"content-2\" data-category=\"content\" data-section-ov=\"1\">\n<div>\n<div class=\"row middle-xs\">\n<div class=\"col-sm-5 bg-image shadow-large-black\" style=\"background-image: url('https:\/\/cmt-awareness.com\/wp-content\/uploads\/2018\/10\/cropped-ECMT_illustration_Homme_Femme_FR.jpg');\" data-bg=\"image\"><\/div>\n<div class=\"col-sm-7 full-col-left-padding full-col-right-padding\">\n<div class=\"row\">\n<div class=\"space-bottom-small content-title-col\" data-type=\"column\">\n<h2 class=\"\">Quels sont les signes de la CMT ?<\/h2>\n<p class=\"\">Les premiers sympt\u00f4mes de la CMT se traduisent par le steppage, la maladresse ou des sensations de \u00ab br\u00fblure \u00bb dans les pieds et les mains. Il n\u2019est pas rare que l\u2019on constate \u00e9galement des douleurs musculosquelettiques, des entorses\/fractures de la cheville et une mauvaise qualit\u00e9 de vie.<\/p>\nLes principaux sympt\u00f4mes de la CMT1A sont une faiblesse des pieds et des chevilles, une atrophie musculaire sym\u00e9trique sous le genou, une alt\u00e9ration de la d\u00e9marche et une perte sensorielle distale.\n\nDes sensations anormales aux extr\u00e9mit\u00e9s et l\u2019incapacit\u00e9 de sentir o\u00f9 se trouve son corps dans l\u2019espace sont \u00e9galement fr\u00e9quentes.\n\nOn remarque \u00e9galement que les personnes atteintes de CMT supportent moins les temp\u00e9ratures fraiches ou froides, et ont chroniquement les mains et les pieds froids.\n\nParmi les autres sympt\u00f4mes, on compte l\u2019\u00e9puisement, l\u2019apn\u00e9e du sommeil, les difficult\u00e9s respiratoires, la scoliose, la cyphose et la perte auditive.\n<h2 class=\"\">Existe-t-il un traitement pour la CMT ?<\/h2>\n<p class=\"\">Il n\u2019existe actuellement aucun traitement curatif ou modificateur de la maladie pour la CMT1A. La gestion des patients se fait de mani\u00e8re conservatrice, \u00e0 l\u2019aide de la kin\u00e9sith\u00e9rapie, de l\u2019ergoth\u00e9rapie, d\u2019aides techniques, d\u2019orth\u00e8ses, de traitements anti-douleur, et parfois avec de la chirurgie orthop\u00e9dique.<\/p>\nUn certain nombre de m\u00e9dicaments sont en cours de d\u00e9veloppement clinique, ce qui signifie que le diagnostic de cette maladie sera bient\u00f4t d\u2019une grande importance.\n\n<\/div>\n<\/div>\n<div class=\"row spaced-cols \" data-type=\"row\">\n<div class=\"col-xs-6\" data-type=\"column\"><\/div>\n<\/div>\n<\/div>\n<\/div>\n<\/div>\n<\/div>\n<div id=\"mobilization\" class=\"gallery-1 content-section content-section-spacing white-text\" style=\"background-color: #009edf; background-image: none;\" data-label=\"MOBILIZATION\" data-id=\"gallery--1\" data-export-id=\"gallery-1\" data-category=\"gallery\">\n<div class=\"gridContainer\">\n<div class=\"row\">\n<div class=\"section-title-col\" data-type=\"column\">\n<h2 class=\"\">MOBILISATION POUR R\u00c9DUIRE LES ERRANCES<\/h2>\nDE DIAGNOSTIC\n\n<\/div>\n<\/div>\n<div class=\"row text-center\">\n<div class=\"col-xs-12\" data-editable=\"true\" data-content-shortcode=\"mesmerize_gallery id=&quot;mesmerize-gallery-1&quot; columns=&quot;3&quot; ids=&quot;4324,4330,4336&quot; lb=&quot;1&quot; masonry=&quot;1&quot; size=&quot;large&quot; link=&quot;file&quot; \"><div id='mesmerize-gallery-1' class='gallery-wrapper'><style type=\"text\/css\">\n                    @media only screen and (min-width: 768px) {\n                    [data-unique-id='mesmerize-gallery-1-69f39add9fcb6'] dl {\n                        float: left;\n                        width: 33.333333333333% !important;\n                        max-width:  33.333333333333% !important;\n                        min-width:  33.333333333333% !important;\n                    }\n\n                    [data-unique-id='mesmerize-gallery-1-69f39add9fcb6'] dl:nth-of-type(3n +1 ) {\n                      clear: both;\n                      }\n                    }\n                <\/style><div id='mesmerize-gallery-1' class='mesmerize-gallery-1-dls-wrapper gallery-items-wrapper materialis-gallery' data-unique-id='mesmerize-gallery-1-69f39add9fcb6'><dl class='gallery-item'>\n\t\t\t<dt class='gallery-icon landscape'>\n\t\t\t\t<a data-fancybox=\"mesmerize-gallery-1-group\" href='https:\/\/cmt-awareness.com\/wp-content\/uploads\/2022\/10\/ECMTF_VISUEL_2022_1080X1080_FR.jpg'><img fetchpriority=\"high\" decoding=\"async\"  width=\"1024\" height=\"1024\" src=\"https:\/\/cmt-awareness.com\/wp-content\/uploads\/2022\/10\/ECMTF_VISUEL_2022_1080X1080_FR-1024x1024.jpg\"  class='mesmerize-gallery-1-image' alt=\"\" srcset=\"https:\/\/cmt-awareness.com\/wp-content\/uploads\/2022\/10\/ECMTF_VISUEL_2022_1080X1080_FR-1024x1024.jpg 1024w, https:\/\/cmt-awareness.com\/wp-content\/uploads\/2022\/10\/ECMTF_VISUEL_2022_1080X1080_FR-300x300.jpg 300w, https:\/\/cmt-awareness.com\/wp-content\/uploads\/2022\/10\/ECMTF_VISUEL_2022_1080X1080_FR-150x150.jpg 150w, https:\/\/cmt-awareness.com\/wp-content\/uploads\/2022\/10\/ECMTF_VISUEL_2022_1080X1080_FR-768x768.jpg 768w, https:\/\/cmt-awareness.com\/wp-content\/uploads\/2022\/10\/ECMTF_VISUEL_2022_1080X1080_FR.jpg 1080w\" sizes=\"(max-width: 1024px) 100vw, 1024px\" \/><\/a>\n\t\t\t<\/dt><\/dl><dl class='gallery-item'>\n\t\t\t<dt class='gallery-icon landscape'>\n\t\t\t\t<a data-fancybox=\"mesmerize-gallery-1-group\" href='https:\/\/cmt-awareness.com\/wp-content\/uploads\/2022\/10\/ECMTF_VISUEL_2022_1080X1080_FR2.jpg'><img decoding=\"async\"  width=\"1024\" height=\"1024\" src=\"https:\/\/cmt-awareness.com\/wp-content\/uploads\/2022\/10\/ECMTF_VISUEL_2022_1080X1080_FR2-1024x1024.jpg\"  class='mesmerize-gallery-1-image' alt=\"\" srcset=\"https:\/\/cmt-awareness.com\/wp-content\/uploads\/2022\/10\/ECMTF_VISUEL_2022_1080X1080_FR2-1024x1024.jpg 1024w, https:\/\/cmt-awareness.com\/wp-content\/uploads\/2022\/10\/ECMTF_VISUEL_2022_1080X1080_FR2-300x300.jpg 300w, https:\/\/cmt-awareness.com\/wp-content\/uploads\/2022\/10\/ECMTF_VISUEL_2022_1080X1080_FR2-150x150.jpg 150w, https:\/\/cmt-awareness.com\/wp-content\/uploads\/2022\/10\/ECMTF_VISUEL_2022_1080X1080_FR2-768x768.jpg 768w, https:\/\/cmt-awareness.com\/wp-content\/uploads\/2022\/10\/ECMTF_VISUEL_2022_1080X1080_FR2.jpg 1080w\" sizes=\"(max-width: 1024px) 100vw, 1024px\" \/><\/a>\n\t\t\t<\/dt><\/dl><dl class='gallery-item'>\n\t\t\t<dt class='gallery-icon landscape'>\n\t\t\t\t<a data-fancybox=\"mesmerize-gallery-1-group\" href='https:\/\/cmt-awareness.com\/wp-content\/uploads\/2022\/10\/ECMTF_VISUEL_2022_1080X1080_FR3.jpg'><img decoding=\"async\"  width=\"1024\" height=\"1024\" src=\"https:\/\/cmt-awareness.com\/wp-content\/uploads\/2022\/10\/ECMTF_VISUEL_2022_1080X1080_FR3-1024x1024.jpg\"  class='mesmerize-gallery-1-image' alt=\"\" srcset=\"https:\/\/cmt-awareness.com\/wp-content\/uploads\/2022\/10\/ECMTF_VISUEL_2022_1080X1080_FR3-1024x1024.jpg 1024w, https:\/\/cmt-awareness.com\/wp-content\/uploads\/2022\/10\/ECMTF_VISUEL_2022_1080X1080_FR3-300x300.jpg 300w, https:\/\/cmt-awareness.com\/wp-content\/uploads\/2022\/10\/ECMTF_VISUEL_2022_1080X1080_FR3-150x150.jpg 150w, https:\/\/cmt-awareness.com\/wp-content\/uploads\/2022\/10\/ECMTF_VISUEL_2022_1080X1080_FR3-768x768.jpg 768w, https:\/\/cmt-awareness.com\/wp-content\/uploads\/2022\/10\/ECMTF_VISUEL_2022_1080X1080_FR3.jpg 1080w\" sizes=\"(max-width: 1024px) 100vw, 1024px\" \/><\/a>\n\t\t\t<\/dt><\/dl>\n\t\t<\/div>\n<script>(function($){window.MaterialisCaptionsGallery && window.MaterialisCaptionsGallery($('[data-unique-id=\"mesmerize-gallery-1-69f39add9fcb6\"]'))})(jQuery)<\/script><\/div><\/div>\n<\/div>\n<\/div>\n<\/div>\n<div id=\"cta-3\" class=\"cta-centered-bg-section content-section content-section-spacing-medium white-text\" style=\"background-color: #009edf; background-image: none;\" data-label=\"Cta\" data-id=\"cta--3\" data-export-id=\"cta-centered-bg-section\" data-category=\"cta\" data-section-ov=\"1\" data-parallax-depth=\"20\">\n<div class=\"gridContainer\">\n<div class=\"row text-center\">\n<div class=\"\" data-type=\"column\"><a class=\"button color2\" href=\"https:\/\/cmt-awareness.com\/fr\/campagnes-precedentes\" target=\"_self\" rel=\"noopener noreferrer\" data-cp-link=\"1\" data-icon=\"\">CAMPAGNES PRECEDENTES<\/a><a class=\"button color3\" href=\"\/category\/blog\" target=\"_self\" rel=\"noopener\" data-cp-link=\"1\" data-icon=\"\">BLOG<\/a><\/div>\n<\/div>\n<\/div>\n<\/div>\n<div id=\"cta-2\" class=\"cta-blue-section content-section content-section-spacing-medium bg-color1 white-text\" style=\"background-image: none; background-color: #97c21e;\" data-label=\"Cta\" data-id=\"cta--2\" data-export-id=\"cta-blue-section\" data-category=\"cta\">\n<div class=\"gridContainer\">\n<div class=\"row middle-xs\">\n<div class=\"col-sm-8 space-bottom-xs\" data-type=\"column\">\n<h2 class=\"\">Aidez-nous \u00c0 en apprendre plus<\/h2>\n<\/div>\n<div class=\"col-sm-4 end-sm\" data-type=\"column\"><a class=\"button color4 dark-text round\" href=\"https:\/\/docs.google.com\/forms\/d\/1B8y6laiMs0ogrJbLyR71jm1Mu_mwFtYdZUIKuNHEzl4\" target=\"_blank\" rel=\"noopener noreferrer\" data-cp-link=\"1\" data-icon=\"\">2 MIN POUR R\u00c9PONDRE<\/a><\/div>\n<\/div>\n<\/div>\n<\/div>\n<div id=\"associations\" class=\"content-3 content-section content-section-spacing\" style=\"background-color: #ffffff; background-image: none;\" data-label=\"ASSOCIATIONS\" data-id=\"content--2\" data-export-id=\"content-3\" data-category=\"content\">\n<div class=\"\">\n<div class=\"row middle-xs\">\n<div class=\"col-sm-7 full-col-left-padding full-col-right-padding\">\n<div class=\"row\">\n<div class=\"space-bottom-small content-title-col\" data-type=\"column\">\n<h2 class=\"\">Vers qui se tourner pour en savoir plus ?<\/h2>\n<p class=\"\">Les m\u00e9decins g\u00e9n\u00e9ralistes, neurologues, et podologues sont certainement au fait de l\u2019existence de la CMT, ainsi que des sympt\u00f4mes et des soins m\u00e9dicaux appropri\u00e9s. Malheureusement, on recense encore de nombreux cas d\u2019erreur de diagnostic.<\/p>\n\u00c0 travers des campagnes de sensibilisation et \u00e0 diff\u00e9rents moments de l\u2019ann\u00e9e, chaque association europ\u00e9enne d\u00e9livre des informations et des conseils pour vous et votre famille.\n\n<\/div>\n<\/div>\n<div class=\"row spaced-cols\" data-type=\"row\">\n<div class=\"col-xs-6\" data-type=\"column\">\n<h5 class=\"\"><span style=\"color: #97c21e;\"><a href=\"https:\/\/www.acmt-rete.it\/\" target=\"_blank\" rel=\"noopener\" data-cp-link=\"1\">ITALIE: ACMT-Rete<\/a><\/span><\/h5>\n<\/div>\n<div class=\"col-xs-6\" data-type=\"column\">\n<h5 class=\"\"><span style=\"color: #97c21e;\"><a class=\"\" href=\"http:\/\/www.progettomitofusina2.com\" target=\"_blank\" rel=\"noopener noreferrer\" data-cp-link=\"1\">ITALIE: Progetto Mitofusina 2<\/a><\/span><\/h5>\n<\/div>\n<div class=\"col-xs-6\" data-type=\"column\">\n<h5 class=\"\"><span style=\"color: #97c21e;\"><a class=\"\" href=\"http:\/\/www.aicmt.it\" target=\"_blank\" rel=\"noopener noreferrer\" data-cp-link=\"1\">ITALIE: AICMT<\/a><\/span><\/h5>\n<\/div>\n<div class=\"col-xs-6\" data-type=\"column\">\n<h5 class=\"\"><span style=\"color: #97c21e;\"><a href=\"http:\/\/www.cmt.org.uk\/\" rel=\"noopener\" data-cp-link=\"1\">ROYAUME-UNI: CMT UK<\/a><\/span><\/h5>\n<\/div>\n<div class=\"col-xs-6\" data-type=\"column\">\n<h5 class=\"\"><span style=\"color: #97c21e;\"><a class=\"\" href=\"http:\/\/www.spierziekten.nl\" target=\"_blank\" rel=\"noopener noreferrer\" data-cp-link=\"1\">PAYS-BAS:\u00a0Spierziekten Nederland<\/a><\/span><\/h5>\n<\/div>\n<div class=\"col-xs-6\" data-type=\"column\">\n<h5 class=\"\"><span style=\"color: #97c21e;\"><a class=\"\" href=\"http:\/\/www.spierziektenvlaanderen.be\/\" target=\"_blank\" rel=\"noopener noreferrer\" data-cp-link=\"1\">BELGIQUE:\u00a0Spierziekten Vlaanderen<\/a><\/span><\/h5>\n<\/div>\n<div class=\"col-xs-6\" data-type=\"column\">\n<h5 class=\"\"><span style=\"color: #97c21e;\"><a class=\"\" href=\"http:\/\/www.cmt-france.org\/\" target=\"_self\" rel=\"noopener noreferrer\" data-cp-link=\"1\">FRANCE: CMT France<\/a><\/span><\/h5>\n<\/div>\n<div class=\"col-xs-6\" data-type=\"column\">\n<h5 class=\"\"><span style=\"color: #97c21e;\"><a href=\"https:\/\/www.cmt-austria.at\/cms\/\" target=\"_blank\" rel=\"noopener\" data-cp-link=\"1\">AUTRICHE : CMT Austria<\/a><\/span><\/h5>\n<\/div>\n<div class=\"col-xs-6\" data-type=\"column\">\n<h5 class=\"\"><span style=\"color: #97c21e;\"><a href=\"https:\/\/www.dgm.org\/publikationen\/wissenswertes-hmsn-cmt\" target=\"_blank\" rel=\"noopener\" data-cp-link=\"1\">ALLEMAGNE: DGM (Deutsche Gesellschaft f\u00fcr Muskelkranke e.V.)<\/a><\/span><\/h5>\n<\/div>\n<div class=\"col-xs-6\" data-type=\"column\">\n<h5 class=\"\"><span style=\"color: #97c21e;\"><a href=\"https:\/\/www.asociatiacmt.ro\/\" target=\"_self\" rel=\"noopener\" data-cp-link=\"1\">ROUMANIE: Asociatia Charcot Marie Tooth<\/a><\/span><\/h5>\n<\/div>\n<div class=\"col-xs-6\" data-type=\"column\">\n<h5 class=\"\"><span style=\"color: #97c21e;\"><a href=\"https:\/\/www.cmt-net.de\/\" target=\"_blank\" rel=\"noopener\" data-cp-link=\"1\">ALLEMAGNE: CMT Net<\/a><\/span><\/h5>\n<\/div>\n<div class=\"col-xs-6\" data-type=\"column\">\n<h5 class=\"\"><span style=\"color: #97c21e;\"><a href=\"https:\/\/www.asociatiacmt.ro\/\" target=\"_self\" rel=\"noopener\" data-cp-link=\"1\">ROUMANIE: Neuro Move CMT<\/a><\/span><\/h5>\n<\/div>\n<div class=\"col-xs-6\" data-type=\"column\">\n<h5 class=\"\"><span style=\"color: #97c21e;\"><a href=\"https:\/\/www.asem-esp.org\/\" target=\"_blank\" rel=\"noopener\" data-cp-link=\"1\">ESPAGNE: Federaci\u00f3n ASEM<\/a><\/span><\/h5>\n<\/div>\n<div class=\"col-xs-6\" data-type=\"column\">\n<h5 class=\"\"><span style=\"color: #97c21e;\"><a href=\"https:\/\/wonderfloraandcmt.hu\/\" target=\"_blank\" rel=\"noopener\" data-cp-link=\"1\">HONGRIE: WonderFlora &amp; CMT Alap\u00edtv\u00e1ny<\/a><\/span><\/h5>\n<\/div>\n<div class=\"col-xs-6\" data-type=\"column\">\n<h5 class=\"\"><span style=\"color: #97c21e;\"><a href=\"https:\/\/elmotordetuspasos.com\/\" target=\"_blank\" rel=\"noopener\" data-cp-link=\"1\">ESPAGNE: El Motor de tus Pasos<\/a><\/span><\/h5>\n<\/div>\n<div class=\"col-xs-6\" data-type=\"column\">\n<h5 class=\"\"><span style=\"color: #97c21e;\"><a href=\"http:\/\/www.c-m-t.cz.\/\" target=\"_blank\" rel=\"noopener\" data-cp-link=\"1\">R\u00c9PUBLIQUE TCH\u00c8QUE: Spole\u010dnost C-M-T<\/a><\/span><\/h5>\n<\/div>\n<div class=\"col-xs-6\" data-type=\"column\">\n<h5 class=\"\"><span style=\"color: #97c21e;\"><a href=\"https:\/\/cmt.org.il\/en\/\" target=\"_blank\" rel=\"noopener\" data-cp-link=\"1\">ISRA\u00cbL: CMT-Isra\u00ebl<\/a><\/span><\/h5>\n<\/div>\n<div class=\"col-xs-6\" data-type=\"column\">\n<h5 class=\"\"><span style=\"color: #97c21e;\"><a href=\"http:\/\/www.cmtchina.org\/\" target=\"_blank\" rel=\"noopener\" data-cp-link=\"1\">CHINE: CMT-China<\/a><\/span><\/h5>\n<\/div>\n<div class=\"col-xs-6\" data-type=\"column\">\n<h5 class=\"\"><span style=\"color: #97c21e;\"><a href=\"https:\/\/cmt-awareness.com\/fr\/heredite-et-neuropathologie-avec-dr-nicolae-grecu\/\" target=\"_blank\" rel=\"noopener\" data-cp-link=\"1\">\u00c9TATS-UNIS D&rsquo;AM\u00c9RIQUE: HNF (Hereditary Neuropathy Foundation)<\/a><\/span><\/h5>\n<\/div>\n<div class=\"col-xs-6\" data-type=\"column\">\n<h5 class=\"\" style=\"text-align: center;\"><span style=\"color: #0a0101;\"><a class=\"\" href=\"http:\/\/www.ecmtf.org\" target=\"_blank\" rel=\"noopener noreferrer\" data-cp-link=\"1\">European CMT Federation \u2013 www.ecmtf.org<\/a><\/span><\/h5>\n<\/div>\n<\/div>\n<\/div>\n<div class=\"col-sm-5 bg-image shadow-large-black revert-classes-holder\" style=\"background-image: url('https:\/\/cmt-awareness.com\/wp-content\/uploads\/2018\/10\/soutient.jpg');\" data-bg=\"image\"><\/div>\n<\/div>\n<\/div>\n<\/div>\n<div id=\"cta-1\" class=\"cta-centered-bg-section content-section content-section-spacing-medium white-text\" style=\"background-color: #f07c01; background-image: none;\" data-label=\"Cta\" data-id=\"cta--1\" data-export-id=\"cta-centered-bg-section\" data-category=\"cta\" data-section-ov=\"1\" data-parallax-depth=\"20\">\n<div class=\"gridContainer\">\n<div class=\"row text-center\">\n<div class=\"\" data-type=\"column\">\n<h2 class=\"\">LE SILENCE N\u2019EST PLUS POSSIBLE<\/h2>\n<\/div>\n<\/div>\n<\/div>\n<\/div>\n<div id=\"contact\" class=\"contact-1 content-section content-section-spacing white-text\" style=\"background-image: url('https:\/\/aggelos-web12.fr\/cmt-awareness\/wp-content\/uploads\/2018\/09\/1082-1.jpg'); background-size: cover; background-position: center top;\" data-label=\"CONTACT\" data-id=\"contact-1\" data-export-id=\"contact-1\" data-category=\"contact\" data-parallax-depth=\"20\">\n<div class=\"gridContainer\">\n<div class=\"row text-center\">\n<div class=\"section-title-col\" data-type=\"column\">\n<h2 class=\"\">ContactEZ-NOUS<\/h2>\n<p class=\"lead\"><span style=\"font-weight: 600;\">ECMTF \/\u00a0Fondation Universitaire<\/span><\/p>\n11 Rue D\u2019Egmont \u2013 B-1000 Brussels \u2013 Belgium\n<p class=\"lead\">President: Filippo Genovese<\/p>\nVice President: Ingolf Pernice\n\n<\/div>\n<\/div>\n<div class=\"row text-center\">\n<div class=\"col-xs-12 col-sm-8 col-sm-offset-2 contact-form-wrapper inline-info\">\n<div class=\"card large-padding\">\n<div class=\"\" data-content-shortcode=\"mesmerize_contact_form shortcode=&quot;formidable id=3&quot;\" data-editable=\"true\"><link rel='stylesheet' id='formidable-css' href='https:\/\/cmt-awareness.com\/wp-content\/plugins\/formidable\/css\/formidableforms.css?ver=3311502' type='text\/css' media='all' \/>\n<div class=\"frm_forms  with_frm_style frm_style_style-formidable\" id=\"frm_form_3_container\" data-token=\"334e2681cafb81fd59f0322451315919\">\n<form enctype=\"multipart\/form-data\" method=\"post\" class=\"frm-show-form  frm_pro_form  frm_ajax_submit \" id=\"form_contact-form2\"  data-token=\"334e2681cafb81fd59f0322451315919\">\n<div class=\"frm_form_fields \">\n<fieldset>\n<legend class=\"frm_screen_reader\">Contactez-nous (fr)<\/legend>\r\n\r\n<div class=\"frm_fields_container\">\n<input type=\"hidden\" name=\"frm_action\" value=\"create\" \/>\n<input type=\"hidden\" name=\"form_id\" value=\"3\" \/>\n<input type=\"hidden\" name=\"frm_hide_fields_3\" id=\"frm_hide_fields_3\" value=\"\" \/>\n<input type=\"hidden\" name=\"form_key\" value=\"contact-form2\" \/>\n<input type=\"hidden\" name=\"item_meta[0]\" value=\"\" \/>\n<input type=\"hidden\" id=\"frm_submit_entry_3\" name=\"frm_submit_entry_3\" value=\"502847e731\" \/><input type=\"hidden\" name=\"_wp_http_referer\" value=\"\/fr\/wp-json\/wp\/v2\/pages\/350\" \/><div id=\"frm_field_11_container\" class=\"frm_form_field form-field  frm_required_field frm_top_container frm_first frm_half\">\r\n    <label for=\"field_qh4icy3\" class=\"frm_primary_label\">Nom\r\n        <span class=\"frm_required\"><\/span>\r\n    <\/label>\r\n    <input type=\"text\" id=\"field_qh4icy3\" name=\"item_meta[11]\" value=\"\"  data-reqmsg=\"Ce champ ne peut pas \u00eatre vide\" aria-required=\"true\" data-invmsg=\"Name est non valide\" aria-invalid=\"false\"  \/>\r\n    \r\n    \r\n<\/div>\n<div id=\"frm_field_12_container\" class=\"frm_form_field form-field  frm_required_field frm_top_container frm_half\">\r\n    <label for=\"field_ocfup13\" class=\"frm_primary_label\">Pr\u00e9nom\r\n        <span class=\"frm_required\"><\/span>\r\n    <\/label>\r\n    <input type=\"text\" id=\"field_ocfup13\" name=\"item_meta[12]\" value=\"\"  data-reqmsg=\"Ce champ ne peut pas \u00eatre vide\" aria-required=\"true\" data-invmsg=\"Last est non valide\" aria-invalid=\"false\"  \/>\r\n    \r\n    \r\n<\/div>\n<div id=\"frm_field_13_container\" class=\"frm_form_field form-field  frm_required_field frm_top_container frm_full\">\r\n    <label for=\"field_29yf4d3\" class=\"frm_primary_label\">Email\r\n        <span class=\"frm_required\"><\/span>\r\n    <\/label>\r\n    <input type=\"email\" id=\"field_29yf4d3\" name=\"item_meta[13]\" value=\"\"  data-reqmsg=\"Ce champ ne peut pas \u00eatre vide\" aria-required=\"true\" data-invmsg=\"Please enter a valid email address\" aria-invalid=\"false\"  \/>\r\n    \r\n    \r\n<\/div>\n<div id=\"frm_field_14_container\" class=\"frm_form_field form-field  frm_required_field frm_top_container frm_full\">\r\n    <label for=\"field_e6lis63\" class=\"frm_primary_label\">Objet\r\n        <span class=\"frm_required\"><\/span>\r\n    <\/label>\r\n    <input type=\"text\" id=\"field_e6lis63\" name=\"item_meta[14]\" value=\"\"  data-reqmsg=\"Ce champ ne peut pas \u00eatre vide\" aria-required=\"true\" data-invmsg=\"Subject est non valide\" aria-invalid=\"false\"  \/>\r\n    \r\n    \r\n<\/div>\n<div id=\"frm_field_15_container\" class=\"frm_form_field form-field  frm_required_field frm_top_container frm_full\">\r\n    <label for=\"field_9jv0r13\" class=\"frm_primary_label\">Message\r\n        <span class=\"frm_required\"><\/span>\r\n    <\/label>\r\n    <textarea name=\"item_meta[15]\" id=\"field_9jv0r13\" rows=\"5\"  data-reqmsg=\"Ce champ ne peut pas \u00eatre vide\" aria-required=\"true\" data-invmsg=\"Message est non valide\" aria-invalid=\"false\"  ><\/textarea>\r\n    \r\n    \r\n<\/div>\n<div id=\"frm_field_108_container\" class=\"frm_form_field form-field  frm_none_container\">\n    <label for=\"g-recaptcha-response\" id=\"field_286io_label\" class=\"frm_primary_label\">reCAPTCHA\n        <span class=\"frm_required\" aria-hidden=\"true\"><\/span>\n    <\/label>\n    <div id=\"field_286io\" class=\"g-recaptcha\" data-sitekey=\"6Lfu058sAAAAADYfprtkHWKpoN_6K-Zab5UTiOmw\" data-size=\"normal\" data-theme=\"light\"><\/div>\n    \n    \n<\/div>\n\t<input type=\"hidden\" name=\"item_key\" value=\"\" \/>\n\t\t\t\t<div class=\"frm_verify\" >\n\t\t\t\t<label for=\"frm_email_3\">\n\t\t\t\t\tSi vous \u00eates un humain, ne remplissez pas ce champ.\t\t\t\t<\/label>\n\t\t\t\t<input type=\"email\" class=\"frm_verify\" id=\"frm_email_3\" name=\"frm_verify\" value=\"\"  \/>\n\t\t\t<\/div>\n\t\t<div class=\"frm_submit\">\r\n\r\n<button class=\"frm_button_submit frm_final_submit\" type=\"submit\"   formnovalidate=\"formnovalidate\">Envoyer<\/button>\r\n\r\n<\/div><\/div>\n<\/fieldset>\n<\/div>\n<\/form>\n<\/div>\n<\/div>\n<\/div>\n<\/div>\n<\/div>\n<\/div>\n<\/div>","protected":false},"excerpt":{"rendered":"<p>Qu\u2019est-ce que la CMT ? Il s\u2019agit d\u2019une maladie qui touche les nerfs p\u00e9riph\u00e9riques contr\u00f4lant les muscles (contrairement aux dystrophies musculaires qui touchent directement les muscles). [1,2] Avant la biologie mol\u00e9culaire et le d\u00e9pistage g\u00e9n\u00e9tique, les maladies de Charcot-Marie-Tooth (CMT) \u00e9taient class\u00e9es en deux grandes cat\u00e9gories : les CMT de type 1 (avec des vitesses&hellip; <br \/> <a class=\"read-more\" href=\"https:\/\/cmt-awareness.com\/fr\/home\/\">Read more<\/a><\/p>\n","protected":false},"author":9,"featured_media":0,"parent":0,"menu_order":0,"comment_status":"closed","ping_status":"closed","template":"page-templates\/homepage.php","meta":{"footnotes":""},"class_list":["post-350","page","type-page","status-publish","hentry"],"acf":[],"_links":{"self":[{"href":"https:\/\/cmt-awareness.com\/fr\/wp-json\/wp\/v2\/pages\/350","targetHints":{"allow":["GET"]}}],"collection":[{"href":"https:\/\/cmt-awareness.com\/fr\/wp-json\/wp\/v2\/pages"}],"about":[{"href":"https:\/\/cmt-awareness.com\/fr\/wp-json\/wp\/v2\/types\/page"}],"author":[{"embeddable":true,"href":"https:\/\/cmt-awareness.com\/fr\/wp-json\/wp\/v2\/users\/9"}],"replies":[{"embeddable":true,"href":"https:\/\/cmt-awareness.com\/fr\/wp-json\/wp\/v2\/comments?post=350"}],"version-history":[{"count":50,"href":"https:\/\/cmt-awareness.com\/fr\/wp-json\/wp\/v2\/pages\/350\/revisions"}],"predecessor-version":[{"id":5156,"href":"https:\/\/cmt-awareness.com\/fr\/wp-json\/wp\/v2\/pages\/350\/revisions\/5156"}],"wp:attachment":[{"href":"https:\/\/cmt-awareness.com\/fr\/wp-json\/wp\/v2\/media?parent=350"}],"curies":[{"name":"wp","href":"https:\/\/api.w.org\/{rel}","templated":true}]}}