{"id":4272,"date":"2022-09-30T15:37:14","date_gmt":"2022-09-30T13:37:14","guid":{"rendered":"https:\/\/cmt-awareness.com\/?page_id=4272"},"modified":"2022-09-30T17:03:08","modified_gmt":"2022-09-30T15:03:08","slug":"faire-un-don","status":"publish","type":"page","link":"https:\/\/cmt-awareness.com\/fr\/faire-un-don\/","title":{"rendered":"Faire un don"},"content":{"rendered":"\n<h2 class=\"wp-block-heading\">Votre soutien nous aide \u00e0 :<\/h2>\n\n\n\n<ul class=\"wp-block-list\"><li>Communiquer, sensibiliser au CMT et r\u00e9duire les erreurs de diagnostic.<\/li><li>Donner de la valeur aux patients et \u00e0 leurs familles lorsqu&rsquo;ils parlent de leurs exp\u00e9riences.<\/li><li>Faire progresser la science et la recherche m\u00e9dicales.<\/li><\/ul>\n\n\n\n<div class=\"wp-block-buttons is-layout-flex wp-block-buttons-is-layout-flex\">\n<div class=\"wp-block-button\"><a class=\"wp-block-button__link\" href=\"https:\/\/ecmtf.org\/donate\/\" target=\"_blank\" rel=\"noreferrer noopener\">Faire un don ici<\/a><\/div>\n<\/div>\n","protected":false},"excerpt":{"rendered":"<p>Votre soutien nous aide \u00e0 : Communiquer, sensibiliser au CMT et r\u00e9duire les erreurs de diagnostic. Donner de la valeur aux patients et \u00e0 leurs familles lorsqu&rsquo;ils parlent de leurs exp\u00e9riences. Faire progresser la science et la recherche m\u00e9dicales.<\/p>\n","protected":false},"author":9,"featured_media":0,"parent":0,"menu_order":0,"comment_status":"closed","ping_status":"closed","template":"","meta":{"footnotes":""},"class_list":["post-4272","page","type-page","status-publish","hentry"],"acf":[],"_links":{"self":[{"href":"https:\/\/cmt-awareness.com\/fr\/wp-json\/wp\/v2\/pages\/4272","targetHints":{"allow":["GET"]}}],"collection":[{"href":"https:\/\/cmt-awareness.com\/fr\/wp-json\/wp\/v2\/pages"}],"about":[{"href":"https:\/\/cmt-awareness.com\/fr\/wp-json\/wp\/v2\/types\/page"}],"author":[{"embeddable":true,"href":"https:\/\/cmt-awareness.com\/fr\/wp-json\/wp\/v2\/users\/9"}],"replies":[{"embeddable":true,"href":"https:\/\/cmt-awareness.com\/fr\/wp-json\/wp\/v2\/comments?post=4272"}],"version-history":[{"count":2,"href":"https:\/\/cmt-awareness.com\/fr\/wp-json\/wp\/v2\/pages\/4272\/revisions"}],"predecessor-version":[{"id":4296,"href":"https:\/\/cmt-awareness.com\/fr\/wp-json\/wp\/v2\/pages\/4272\/revisions\/4296"}],"wp:attachment":[{"href":"https:\/\/cmt-awareness.com\/fr\/wp-json\/wp\/v2\/media?parent=4272"}],"curies":[{"name":"wp","href":"https:\/\/api.w.org\/{rel}","templated":true}]}}