{"id":8,"date":"2018-09-10T16:24:36","date_gmt":"2018-09-10T14:24:36","guid":{"rendered":"https:\/\/aggelos-web12.fr\/cmt-awareness\/?page_id=8"},"modified":"2020-02-10T16:10:14","modified_gmt":"2020-02-10T15:10:14","slug":"politique-de-confidentialite","status":"publish","type":"page","link":"https:\/\/cmt-awareness.com\/fr\/politique-de-confidentialite\/","title":{"rendered":"Politique de confidentialit\u00e9"},"content":{"rendered":"<h2>Qui sommes-nous\u00a0?<\/h2>\n<p>L\u2019adresse de notre site Web est\u00a0: https:\/\/cmt-awareness.com<\/p>\n<p>\u00c9diteur :<br \/>\n<strong>ECMTF \/ Fondation Universitaire<\/strong><br \/>\n11 Rue D\u2019Egmont \u2013 B-1000 Brussels \u2013 Belgium<br \/>\nResponsables de publication : Daniel Tanesse and Filippo Genovese<\/p>\n<p>Conception :<br \/>\n<a href=\"https:\/\/aggelos.fr\" target=\"_blank\" rel=\"noopener\"><strong>AGGELOS<\/strong><\/a><br \/>\nAgence de communication<\/p>\n<p>H\u00e9bergement\u00a0 :<br \/>\n<strong>SAS OVH<\/strong><br \/>\n2 rue Kellermann<br \/>\n59100 Roubaix \u2013 France<br \/>\nRCS : Grenoble B 451 878 128<\/p>\n<h2>Utilisation des donn\u00e9es personnelles collect\u00e9es<\/h2>\n<h3>Formulaires de contact<\/h3>\n<p class=\"privacy-policy-tutorial\">Nous conservons les soumissions d\u2019un formulaire de contact pendant une p\u00e9riode d&rsquo;un an, mais que elles ne sont pas utilis\u00e9es \u00e0 des fins commerciales.<\/p>\n<h3>Statistiques et mesures d\u2019audience<\/h3>\n<p class=\"privacy-policy-tutorial\">Nous avons install\u00e9 les marqueurs de Google Analytics pour mesurer l\u2019audience de notre site internet.<\/p>\n<h2>Informations suppl\u00e9mentaires<\/h2>\n<h3>Comment nous prot\u00e9geons vos donn\u00e9es<\/h3>\n<p>Le site est s\u00e9curis\u00e9 via le protocole\u00a0<em>https<\/em>\u00a0pour\u00a0crypter les informations personnelles (e-mail, nom, adresse, etc.) qui transitent par les formulaires web. L\u2019<em>https<\/em>\u00a0sert aussi \u00e0 prot\u00e9ger les identifiants de session de tout hacking \u00e9ventuel.<\/p>\n<h3>Proc\u00e9dures mises en \u0153uvre en cas de fuite de donn\u00e9es<\/h3>\n<p>En cas de fuite de donn\u00e9es, nous aurons trois jours maximum pour vous communiquer en toute transparence la situation. Nous devrons informer l\u2019autorit\u00e9 de contr\u00f4le comp\u00e9tente et avertir les personnes dont les donn\u00e9es ont \u00e9t\u00e9 pirat\u00e9es et si la fuite peut engendrer un risque r\u00e9el pour leurs droits et libert\u00e9s (donn\u00e9es sensibles).<\/p>\n","protected":false},"excerpt":{"rendered":"<p>Qui sommes-nous\u00a0? L\u2019adresse de notre site Web est\u00a0: https:\/\/cmt-awareness.com \u00c9diteur : ECMTF \/ Fondation Universitaire 11 Rue D\u2019Egmont \u2013 B-1000 Brussels \u2013 Belgium Responsables de publication : Daniel Tanesse and Filippo Genovese Conception : AGGELOS Agence de communication H\u00e9bergement\u00a0 : SAS OVH 2 rue Kellermann 59100 Roubaix \u2013 France RCS : Grenoble B 451 878&hellip; <br \/> <a class=\"read-more\" href=\"https:\/\/cmt-awareness.com\/fr\/politique-de-confidentialite\/\">Read more<\/a><\/p>\n","protected":false},"author":9,"featured_media":0,"parent":0,"menu_order":0,"comment_status":"closed","ping_status":"closed","template":"","meta":{"footnotes":""},"class_list":["post-8","page","type-page","status-publish","hentry"],"acf":[],"_links":{"self":[{"href":"https:\/\/cmt-awareness.com\/fr\/wp-json\/wp\/v2\/pages\/8","targetHints":{"allow":["GET"]}}],"collection":[{"href":"https:\/\/cmt-awareness.com\/fr\/wp-json\/wp\/v2\/pages"}],"about":[{"href":"https:\/\/cmt-awareness.com\/fr\/wp-json\/wp\/v2\/types\/page"}],"author":[{"embeddable":true,"href":"https:\/\/cmt-awareness.com\/fr\/wp-json\/wp\/v2\/users\/9"}],"replies":[{"embeddable":true,"href":"https:\/\/cmt-awareness.com\/fr\/wp-json\/wp\/v2\/comments?post=8"}],"version-history":[{"count":9,"href":"https:\/\/cmt-awareness.com\/fr\/wp-json\/wp\/v2\/pages\/8\/revisions"}],"predecessor-version":[{"id":2058,"href":"https:\/\/cmt-awareness.com\/fr\/wp-json\/wp\/v2\/pages\/8\/revisions\/2058"}],"wp:attachment":[{"href":"https:\/\/cmt-awareness.com\/fr\/wp-json\/wp\/v2\/media?parent=8"}],"curies":[{"name":"wp","href":"https:\/\/api.w.org\/{rel}","templated":true}]}}