{"id":458,"date":"2018-09-19T23:44:51","date_gmt":"2018-09-19T21:44:51","guid":{"rendered":"https:\/\/cmt-awareness.com\/doctors\/"},"modified":"2021-09-30T16:41:35","modified_gmt":"2021-09-30T14:41:35","slug":"dottore","status":"publish","type":"page","link":"https:\/\/cmt-awareness.com\/it\/dottore\/","title":{"rendered":"Medici"},"content":{"rendered":"<div  data-label=\"CHE COS\u2019\u00c8 LA CMT\" data-id=\"content--4\" data-export-id=\"content-12\" data-category=\"content\" class=\"content-12 content-section content-section-spacing content-relative\" id=\"che-cos-e-la-cmt-1\" style=\"background-color: rgb(255, 255, 255); background-image: none;\"><div  class=\"gridContainer\"> <div  class=\"row text-center\"><div  class=\"section-title-col\" data-type=\"column\"> <h2  class=\"\" style=\"text-align: left;\"><span  style=\"color: rgb(240, 124, 1);\">Che cos\u2019\u00e8 la CMT?<\/span><\/h2> <p  class=\"\" style=\"text-align: left;\">Le neuropatie rare, ereditarie, a lenta evoluzione, divenute note come malattia di Charcot-Marie-Tooth (CMT), furono descritte nel 1886 da Charcot e Marie in Francia <a data-mce-href=\"..\/bibliografia\/\" href=\"https:\/\/cmt-awareness.com\/it\/bibliografia\" target=\"_self\" data-mce-selected=\"inline-boundary\" data-cp-link=\"1\" rel=\"noopener noreferrer\"><sup >(1)<\/sup><\/a> e da Tooth nel Regno Unito <a data-mce-href=\"..\/bibliografia\/\" href=\"https:\/\/cmt-awareness.com\/it\/bibliografia\" target=\"_self\" data-mce-selected=\"inline-boundary\" data-cp-link=\"1\" rel=\"noopener noreferrer\"><sup >(2)<\/sup><\/a>, che lavorarono in maniera indipendente gli uni dagli altri.\n<br ><br >Prima della biologia molecolare e delle analisi genetiche, le forme di CMT erano generalmente classificati in Tipo 1 (con velocit\u00e0 di conduzione nervosa eccessivamente basse, che facevano pensare alla demielinizzazione) e Tipo 2 (con velocit\u00e0 di conduzione nervosa normali, che facevano pensare a una degenerazione assonale o neuronale). Nel 1991, due gruppi di ricerca <a data-mce-href=\"..\/bibliografia\/\" href=\"https:\/\/cmt-awareness.com\/it\/bibliografia\" target=\"_self\" data-mce-selected=\"inline-boundary\" data-cp-link=\"1\" rel=\"noopener noreferrer\"><sup >(3,4)<\/sup><\/a> hanno scoperto in maniera indipendente che la pi\u00f9 comune forma di Charcot-Marie-Tooth di Tipo 1 (Tipo 1A, CMT1A;  OMIM: 118220; Orphanet: ORPHA101081) era associata a una duplicazione di 1.5 Mb del cromosoma 17p11.2, che codifica per la proteina mielinica periferica 22 (PMP22).<a data-mce-href=\"..\/bibliografia\/\" href=\"https:\/\/cmt-awareness.com\/it\/bibliografia\" target=\"_self\" data-mce-selected=\"inline-boundary\" data-cp-link=\"1\" rel=\"noopener noreferrer\"><sup >(5-7)<\/sup><\/a> Livelli di PMP22 eccessivamente elevati, fluttuanti e\/o alterati <a data-mce-href=\"..\/bibliografia\/\" href=\"https:\/\/cmt-awareness.com\/it\/bibliografia\" target=\"_self\" data-mce-selected=\"inline-boundary\" data-cp-link=\"1\" rel=\"noopener noreferrer\"><sup >(8)<\/sup><\/a> conducono alla alterazione della guaina mielinica e, infine, a demielinizzazione e neuropatia. La prevalenza stimata di CMT1A di 1 per 5,000.<a data-mce-href=\"..\/bibliografia\/\" href=\"https:\/\/cmt-awareness.com\/it\/bibliografia\" target=\"_self\" data-mce-selected=\"inline-boundary\" data-cp-link=\"1\" rel=\"noopener noreferrer\"><sup >(9)<\/sup><\/a><\/p><\/div> <\/div> <div  class=\"row center-xs middle-xs\"> <div  class=\"col-sm-9\" data-type=\"column\"> <\/div> <\/div><\/div> <\/div><div  data-label=\"Sintomi e caratteristiche principali\" data-id=\"content--2\" data-export-id=\"content-12\" data-category=\"content\" class=\"content-12 content-section content-section-spacing content-relative\" id=\"sintomi-e-caratteristiche-principali\" style=\"background-color: rgb(255, 255, 255); background-image: none;\"><div  class=\"gridContainer\"> <div  class=\"row text-center\"><div  class=\"section-title-col\" data-type=\"column\"> <h2  class=\"\" style=\"text-align: left;\"><span  style=\"color: rgb(240, 124, 1);\">Quali sono i sintomi e le caratteristiche principali della CMT e qual \u00e8 il loro impatto?<\/span><\/h2> <p  class=\"\" style=\"text-align: left;\">Sebbene la CMT possa insorgere a qualsiasi et\u00e0, prolungate latenze motorie distali sono gi\u00e0 presenti nei primi mesi di vita, e velocit\u00e0 di conduzione nervosa (NCV) motoria basse sono state riscontrate in alcuni individui all\u2019et\u00e0 di due anni. \u00c8 stato rilevato che le NCV rimangono stabili dopo l\u2019et\u00e0 di sei anni.\n<br ><br >Il tipico segnale di comparsa della CMT \u00e8 una debole dorsiflessione del piede. Altri segnali fisici includono depressione o assenza dei riflessi tendinei negli arti inferiori. Il quadro clinico generalmente include anche steppage, pes cavus (un elemento fondamentale riscontrato in una percentuale di pazienti che pu\u00f2 arrivare anche al 90%), moderata perdita di sensibilit\u00e0 negli arti inferiori, debolezza muscolare bilaterale e atrofia al di sotto delle ginocchia.\nSintomi agli arti superiori includono debolezza muscolare (riguardante principalmente i muscoli intrinseci della mano) e atrofia muscolare. La manualit\u00e0 ridotta \u00e8 comune tra i pazienti affetti dalla CMT. I sintomi sensitivi sono solitamente meno evidenti e possono essere impercettibili. Una sensazione alterata \u00e8 solitamente presente con localizzazione \u201ca calzino\u201d o \u201ca guanto, in cui le gambe sono colpite con frequenza e gravit\u00e0 maggiori rispetto alle braccia. Il coinvolgimento di una grande quantit\u00e0 di fibre nervose sensitive di grosso calibro conduce alla perdita propriocettiva e pertanto a difficolt\u00e0 di equilibrio. Nella CMT, il dolore \u00e8 pi\u00f9 comune di quanto si pensasse precedentemente, in quanto \u00e8 segnalato dal 55-70% dei pazienti.\n<br ><br >Il dolore \u00e8 spesso muscolo-scheletrico ma, in alcuni casi, pu\u00f2 essere neuropatico. Solitamente, circa il 20% dei pazienti lamenta dolori muscolo-scheletrici agli arti (causati da tensione articolare\/tendinea e andatura anomala) e\/o alla schiena (causati da scoliosi). Le deformit\u00e0 del piede e il peggioramento dell\u2019andatura portano a dolorosi calli, cadute, slogature e fratture.\nQuesti sintomi hanno un impatto su mobilit\u00e0, qualit\u00e0 della vita (QoL), attivit\u00e0 scolastiche\/professionali e salute mentale. Per esempio, \u00e8 stato segnalato che il 18% dei pazienti affetti dalla CMT soffre di depressione. Debolezza di caviglie e piedi, equilibrio compromesso, dolore e affaticamento sono stati segnalati dai pazienti come importanti sintomi invalidanti, che impattano sulla loro qualit\u00e0 della vita. L\u2019affaticamento (spesso sottostimato) \u00e8 segnalato come grave nel 60% dei pazienti adulti e nel 24% dei pazienti pediatrici (in contrapposizione al 14% nella popolazione in et\u00e0 scolare generale).\n<br ><br >Le donne potrebbero mostrare una maggiore riduzione della qualit\u00e0 della vita rispetto agli uomini, cosa che potrebbe influire negativamente sull\u2019atteggiamento rispetto alla gravidanza.\n<br ><br >Fino a oggi, si riteneva che l\u2019aspettativa di vita dei pazienti affetti dalla CMT fosse inalterata, tuttavia un recente studio danese su un ampio gruppo di pazienti affetti dalla CMT, il primo a utilizzare i dati del registro relativo al territorio nazionale, hanno rivelato un notevole aumento della mortalit\u00e0. Rispetto alla popolazione generale, \u00e8 stato segnalato un tasso di mortalit\u00e0 superiore del 36% tra i pazienti a cui \u00e8 stata diagnosticata la CMT.<\/p><\/div> <\/div> <div  class=\"row center-xs middle-xs\"> <div  class=\"col-sm-9\" data-type=\"column\"> <\/div> <\/div><\/div> <\/div><div  data-label=\"Opzioni terapeutiche\" data-id=\"content--3\" data-export-id=\"content-12\" data-category=\"content\" class=\"content-12 content-section content-section-spacing\" id=\"opzioni-terapeutiche\" style=\"background-color: rgb(255, 255, 255); background-image: none;\"><div  class=\"gridContainer\"> <div  class=\"row text-center\"><div  class=\"section-title-col\" data-type=\"column\"> <h2  class=\"\" style=\"text-align: left;\"><span  style=\"color: rgb(240, 124, 1);\">Quali sono le opzioni terapeutiche disponibili?<\/span><\/h2> <p  class=\"\" style=\"text-align: left;\">La cura della CMT1A \u00e8 necessariamente multidisciplinare, con il neurologo a coordinare i contributi provenienti dallo specialista in medicina riabilitativa, dal chirurgo ortopedico, e da fisioterapisti e terapisti occupazionali.\n<br ><br >\nData l\u2019attuale assenza di terapie curative o in grado di modificare il decorso della malattia, la gestione del paziente affetto dalla CMT1A \u00e8 conservativa e consiste unicamente in una terapia di supporto. \u00c8 basata su una combinazione di aiuti tecnici e dispositivi ortopedici (bastoni, tutori, ortesi, scarpe ortopediche per correggere il piede cadente, etc.), fisioterapia (incluso lo stretching per prevenire l\u2019accorciamento dei tendini), terapia occupazionale, chirurgia ortopedica (per es. per grave pes cavus), e terapia sintomatica (per es. per sollievo dal dolore)).<a data-mce-href=\"..\/bibliografia\/\" href=\"https:\/\/cmt-awareness.com\/it\/bibliografia\" target=\"_self\" data-mce-selected=\"inline-boundary\" data-cp-link=\"1\" rel=\"noopener noreferrer\"><sup >(5,11)<\/sup><\/a> Stampelle, bastoni o sedie a rotelle potrebbero essere necessari per la mobilit\u00e0 ma l\u2019uso di una sedia a rotelle sar\u00e0 necessario per una parte dei pazienti.\nI pazienti devono sottoporsi a controlli regolari per piaghe da decubito ai piedi. Va incoraggiato un moderato esercizio fisico se ben tollerato dal paziente. Viceversa, l\u2019obesit\u00e0 deve essere scoraggiata, in quanto rende la deambulazione pi\u00f9 difficoltosa.  \nInfine, le terapie associate a reazioni neuropatiche avverse, come gli agenti chemioterapici o i fluorochinoloni, sono da utilizzarsi unicamente quando necessario.  Una chemioterapia a base di vincristina deve essere evitata in qualsiasi circostanza in quanto potrebbe essere particolarmente dannosa per i nervi periferici e aggravare notevolmente la CMT.<a data-mce-href=\"..\/bibliografia\/\" href=\"https:\/\/cmt-awareness.com\/it\/bibliografia\" target=\"_self\" data-mce-selected=\"inline-boundary\" data-cp-link=\"1\" rel=\"noopener noreferrer\"><sup >(5,10)<\/sup><\/a><\/p><\/div> <\/div> <div  class=\"row center-xs middle-xs\"> <div  class=\"col-sm-9\" data-type=\"column\"> <\/div> <\/div><\/div> <\/div><div  data-label=\"Mobilitazione\" data-id=\"gallery--1\" data-export-id=\"gallery-1\" data-category=\"gallery\" class=\"gallery-1 content-section content-section-spacing white-text\" id=\"mobilitazione\" style=\"background-color: rgb(0, 158, 223); background-image: none;\"><div  class=\"gridContainer\"> <div  class=\"row\"><div  class=\"section-title-col\" data-type=\"column\"> <h2  class=\"\">MOBILITAZIONE PER RIDURRE L\u2019ERRORE DIAGNOSTICO<\/h2> <img decoding=\"async\"  class=\"custom-image\" src=\"https:\/\/cmt-awareness.com\/wp-content\/uploads\/2021\/09\/COUVERTURE-1534X396-IT.jpg\" title=\"COUVERTURE 1534X396 IT\" alt=\"\"><\/div> <\/div> <div  class=\"row text-center\" data-preview-empty=\"1\"> <\/div> <\/div><\/div><div  data-label=\"Cta\" data-id=\"cta--2\" data-export-id=\"cta-centered-bg-section\" data-category=\"cta\" data-section-ov=\"1\" class=\"cta-centered-bg-section content-section content-section-spacing-medium white-text\" data-parallax-depth=\"20\" id=\"cta-2\" style=\"background-color: rgb(0, 158, 223); background-image: none;\"><div  class=\"gridContainer\"> <div  class=\"row text-center\"><div  data-type=\"column\" class=\"\">  <a class=\"button color2\" href=\"https:\/\/cmt-awareness.com\/it\/campagne-precedenti\" target=\"_self\" data-cp-link=\"1\" data-icon=\"\" rel=\"noopener noreferrer\">CAMPAGNE PRECEDENTI<\/a><a class=\"button color3\" href=\"\/category\/blog\" target=\"_self\" data-cp-link=\"1\" data-icon=\"\" rel=\"noopener\">BLOG<\/a><\/div> <\/div><\/div> <\/div><div  data-label=\"Associazioni\" data-id=\"content--5\" data-export-id=\"content-3\" data-category=\"content\" class=\"content-3 content-section content-section-spacing\" id=\"associazioni\" style=\"background-color: rgb(255, 255, 255);\"><div > <div  class=\"row middle-xs\"><div  class=\"col-sm-7 full-col-left-padding full-col-right-padding\"> <div  class=\"row\"><div  data-type=\"column\" class=\"space-bottom-small content-title-col\">  <h2  class=\"\">CHI PU\u00d2 AIUTARLA A SAPERNE DI PI\u00d9?<\/h2> <p  class=\"\">Alcuni medici generici, neurologi e fisiatri potrebbero essere a conoscenza dell\u2019esistenza della CMT, dei sintomi specifici e delle cure mediche. Sfortunatamente, oggi sono ancora molto frequenti errori in fase di diagnosi.<br >\nIn occasione delle campagne di sensibilizzazione e periodicamente nel corso dell\u2019anno, ogni associazione europea fornisce informazioni e consulenza a lei e alla sua famiglia.<\/p><\/div> <\/div> <div  class=\"row spaced-cols\" data-type=\"row\"> <div  class=\"col-xs-6\" data-type=\"column\"> <h5  class=\"\"><span  style=\"color: rgb(151, 194, 30);\"><a data-mce-href=\"http:\/\/www.acmt-rete.it\/\" href=\"http:\/\/www.acmt-rete.it\" target=\"_blank\" rel=\"noopener noreferrer\" data-mce-selected=\"inline-boundary\" data-cp-link=\"1\" class=\"\">ITALIA: ACMT-Rete<\/a><\/span><\/h5> <\/div> <div  class=\"col-xs-6\" data-type=\"column\"><h5  class=\"\"><span  style=\"color: rgb(151, 194, 30);\"><a data-mce-href=\"http:\/\/www.progettomitofusina2.com\/\" href=\"http:\/\/www.progettomitofusina2.com\" target=\"_blank\" rel=\"noopener noreferrer\" data-mce-selected=\"inline-boundary\" data-cp-link=\"1\" class=\"\">ITALIA: Progetto Mitofusina 2<\/a><\/span><\/h5> <\/div> <div  class=\"col-xs-6\" data-type=\"column\"><h5  class=\"\"><span  style=\"color: rgb(151, 194, 30);\"><a data-mce-href=\"http:\/\/www.cmt.org.uk\/\" href=\"http:\/\/www.cmt.org.uk\" target=\"_blank\" rel=\"noopener noreferrer\" data-mce-selected=\"inline-boundary\" data-cp-link=\"1\" class=\"\">REGNO UNITO: Charcot-Marie-Tooth<\/a><\/span><\/h5> <\/div> <div  class=\"col-xs-6\" data-type=\"column\"><h5  class=\"\"><span  style=\"color: rgb(151, 194, 30);\"><a data-mce-href=\"http:\/\/www.spierziekten.nl\/\" href=\"http:\/\/www.spierziekten.nl\" target=\"_self\" data-mce-selected=\"inline-boundary\" data-cp-link=\"1\" class=\"\" rel=\"noopener noreferrer\">PAESI BASSI: Spierziekten Nederland\n<\/a><\/span><\/h5> <\/div> <div  class=\"col-xs-6\" data-type=\"column\"> <h5  class=\"\"><span  style=\"color: rgb(151, 194, 30);\"><a data-mce-href=\"http:\/\/www.spierziektenvlaanderen.be\/\" href=\"http:\/\/www.spierziektenvlaanderen.be\" target=\"_blank\" rel=\"noopener noreferrer\" data-mce-selected=\"inline-boundary\" data-cp-link=\"1\" class=\"\">BELGIO: Spierziekten Vlaanderen<\/a><\/span><\/h5> <\/div><div  class=\"col-xs-6\" data-type=\"column\"> <h5  class=\"\"><span  style=\"color: rgb(151, 194, 30);\"><a data-mce-href=\"http:\/\/www.cmt-france.org\/\" href=\"http:\/\/www.cmt-france.org\" target=\"_blank\" rel=\"noopener noreferrer\" data-mce-selected=\"inline-boundary\" data-cp-link=\"1\" class=\"\">FRANCIA: CMT France<\/a><\/span><\/h5> <\/div><div  class=\"col-xs-6\" data-type=\"column\"> <h5  class=\"\" style=\"text-align: center;\"><span  style=\"color: rgb(10, 1, 1);\"><a data-mce-href=\"http:\/\/www.ecmtf.org\" href=\"http:\/\/www.ecmtf.org\" target=\"_blank\" rel=\"noopener noreferrer\" data-mce-selected=\"inline-boundary\" data-cp-link=\"1\" class=\"\">European CMT Federation \u2013 www.ecmtf.org<\/a><\/span><\/h5> <\/div><\/div><\/div> <div  class=\"col-sm-5 bg-image shadow-large-black revert-classes-holder\" data-bg=\"image\" style=\"background-image: url(&quot;https:\/\/cmt-awareness.com\/wp-content\/uploads\/2018\/10\/soutient.jpg&quot;);\"><\/div><\/div> <\/div><\/div><div  data-label=\"Cta\" data-id=\"cta--1\" data-export-id=\"cta-centered-bg-section\" data-category=\"cta\" data-section-ov=\"1\" class=\"cta-centered-bg-section content-section content-section-spacing-medium white-text\" data-parallax-depth=\"20\" id=\"cta-1\" style=\"background-color: rgb(240, 124, 1); background-image: none;\"><div  class=\"gridContainer\"> <div  class=\"row text-center\"><div  data-type=\"column\" class=\"\"> <h2  class=\"\">IL SILENZIO NON \u00c8 PI\u00d9 POSSIBILE!<\/h2> <\/div> <\/div><\/div> <\/div><div  data-label=\"Contatto\" data-id=\"contact--1\" data-export-id=\"contact-1\" data-category=\"contact\" class=\"contact-1 content-section content-section-spacing white-text\" data-parallax-depth=\"20\" id=\"contatto\" style=\"background-color: rgb(245, 250, 253); background-image: url(&quot;https:\/\/cmt-awareness.com\/wp-content\/uploads\/2018\/09\/1082-1.jpg&quot;); background-size: cover; background-position: center top;\"><div  class=\"gridContainer\"><div  data-section-title-area=\"true\" class=\"row text-center\">   <div  class=\"section-title-col\" data-type=\"column\">       <h2  class=\"\">ContattI<\/h2>       <p  class=\"lead\"><span  style=\"font-weight: 600;\">ECMTF \/ Fondation Universitaire<\/span><br >\n11 Rue D\u2019Egmont \u2013 B-1000 Brussels \u2013 Belgium<\/p>   <p  class=\"lead\">Presidente Daniel Tanesse (Francia)<br >\nVice Presidente: Filippo Genovese (Italia)<\/p><\/div><\/div>  <div  class=\"row text-center\"> <div  class=\"col-xs-12 col-sm-8 col-sm-offset-2 contact-form-wrapper inline-info\"> <div  class=\"card large-padding\"> <div  class=\"\" data-content-shortcode=\"mesmerize_contact_form shortcode=&quot;formidable id=2&quot;\" data-editable=\"true\"><link rel='stylesheet' id='formidable-css' href='https:\/\/cmt-awareness.com\/wp-content\/plugins\/formidable\/css\/formidableforms.css?ver=3311502' type='text\/css' media='all' \/>\n<div class=\"frm_forms  with_frm_style frm_style_style-formidable\" id=\"frm_form_2_container\" data-token=\"537f8a702c48671e6116da39252c8a64\">\n<form enctype=\"multipart\/form-data\" method=\"post\" class=\"frm-show-form  frm_pro_form  frm_ajax_submit \" id=\"form_contact-form\"  data-token=\"537f8a702c48671e6116da39252c8a64\">\n<div class=\"frm_form_fields \">\n<fieldset>\n<legend class=\"frm_screen_reader\">Contact Us (en)<\/legend>\r\n\r\n<div class=\"frm_fields_container\">\n<input type=\"hidden\" name=\"frm_action\" value=\"create\" \/>\n<input type=\"hidden\" name=\"form_id\" value=\"2\" \/>\n<input type=\"hidden\" name=\"frm_hide_fields_2\" id=\"frm_hide_fields_2\" value=\"\" \/>\n<input type=\"hidden\" name=\"form_key\" value=\"contact-form\" \/>\n<input type=\"hidden\" name=\"item_meta[0]\" value=\"\" \/>\n<input type=\"hidden\" id=\"frm_submit_entry_2\" name=\"frm_submit_entry_2\" value=\"96b17043fd\" \/><input type=\"hidden\" name=\"_wp_http_referer\" value=\"\/it\/wp-json\/wp\/v2\/pages\/458\" \/><div id=\"frm_field_6_container\" class=\"frm_form_field form-field  frm_required_field frm_top_container frm_first frm_half\">\r\n    <label for=\"field_qh4icy2\" class=\"frm_primary_label\">Name\r\n        <span class=\"frm_required\"><\/span>\r\n    <\/label>\r\n    <input type=\"text\" id=\"field_qh4icy2\" name=\"item_meta[6]\" value=\"\"  data-reqmsg=\"Ce champ ne peut pas \u00eatre vide\" aria-required=\"true\" data-invmsg=\"Name est non valide\" aria-invalid=\"false\"   aria-describedby=\"frm_desc_field_qh4icy2\"\/>\r\n    <div class=\"frm_description\" id=\"frm_desc_field_qh4icy2\">First<\/div>\r\n    \r\n<\/div>\n<div id=\"frm_field_7_container\" class=\"frm_form_field form-field  frm_required_field frm_hidden_container frm_half\">\r\n    <label for=\"field_ocfup12\" class=\"frm_primary_label\">Last\r\n        <span class=\"frm_required\"><\/span>\r\n    <\/label>\r\n    <input type=\"text\" id=\"field_ocfup12\" name=\"item_meta[7]\" value=\"\"  data-reqmsg=\"Ce champ ne peut pas \u00eatre vide\" aria-required=\"true\" data-invmsg=\"Last est non valide\" aria-invalid=\"false\"   aria-describedby=\"frm_desc_field_ocfup12\"\/>\r\n    <div class=\"frm_description\" id=\"frm_desc_field_ocfup12\">Last<\/div>\r\n    \r\n<\/div>\n<div id=\"frm_field_8_container\" class=\"frm_form_field form-field  frm_required_field frm_top_container frm_full\">\r\n    <label for=\"field_29yf4d2\" class=\"frm_primary_label\">Email\r\n        <span class=\"frm_required\"><\/span>\r\n    <\/label>\r\n    <input type=\"email\" id=\"field_29yf4d2\" name=\"item_meta[8]\" value=\"\"  data-reqmsg=\"Ce champ ne peut pas \u00eatre vide\" aria-required=\"true\" data-invmsg=\"Please enter a valid email address\" aria-invalid=\"false\"  \/>\r\n    \r\n    \r\n<\/div>\n<div id=\"frm_field_9_container\" class=\"frm_form_field form-field  frm_required_field frm_top_container frm_full\">\r\n    <label for=\"field_e6lis62\" class=\"frm_primary_label\">Subject\r\n        <span class=\"frm_required\"><\/span>\r\n    <\/label>\r\n    <input type=\"text\" id=\"field_e6lis62\" name=\"item_meta[9]\" value=\"\"  data-reqmsg=\"Ce champ ne peut pas \u00eatre vide\" aria-required=\"true\" data-invmsg=\"Subject est non valide\" aria-invalid=\"false\"  \/>\r\n    \r\n    \r\n<\/div>\n<div id=\"frm_field_10_container\" class=\"frm_form_field form-field  frm_required_field frm_top_container frm_full\">\r\n    <label for=\"field_9jv0r12\" class=\"frm_primary_label\">Message\r\n        <span class=\"frm_required\"><\/span>\r\n    <\/label>\r\n    <textarea name=\"item_meta[10]\" id=\"field_9jv0r12\" rows=\"5\"  data-reqmsg=\"Ce champ ne peut pas \u00eatre vide\" aria-required=\"true\" data-invmsg=\"Message non \u00e8 valido\" aria-invalid=\"false\"  ><\/textarea>\r\n    \r\n    \r\n<\/div>\n<div id=\"frm_field_109_container\" class=\"frm_form_field form-field  frm_none_container\">\n    <label for=\"g-recaptcha-response\" id=\"field_k6st9_label\" class=\"frm_primary_label\">reCAPTCHA\n        <span class=\"frm_required\" aria-hidden=\"true\"><\/span>\n    <\/label>\n    <div id=\"field_k6st9\" class=\"g-recaptcha\" data-sitekey=\"6Lfu058sAAAAADYfprtkHWKpoN_6K-Zab5UTiOmw\" data-size=\"normal\" data-theme=\"light\"><\/div>\n    \n    \n<\/div>\n\t<input type=\"hidden\" name=\"item_key\" value=\"\" \/>\n\t\t\t\t<div class=\"frm_verify\" >\n\t\t\t\t<label for=\"frm_email_2\">\n\t\t\t\t\tIf you are human, leave this field blank.\t\t\t\t<\/label>\n\t\t\t\t<input type=\"email\" class=\"frm_verify\" id=\"frm_email_2\" name=\"frm_verify\" value=\"\"  \/>\n\t\t\t<\/div>\n\t\t<div class=\"frm_submit\">\r\n\r\n<button class=\"frm_button_submit frm_final_submit\" type=\"submit\"   formnovalidate=\"formnovalidate\">Submit<\/button>\r\n\r\n<\/div><\/div>\n<\/fieldset>\n<\/div>\n<\/form>\n<\/div>\n<\/div><\/div> <\/div><\/div> <\/div><\/div>","protected":false},"excerpt":{"rendered":"<p>Che cos\u2019\u00e8 la CMT? Le neuropatie rare, ereditarie, a lenta evoluzione, divenute note come malattia di Charcot-Marie-Tooth (CMT), furono descritte nel 1886 da Charcot e Marie in Francia (1) e da Tooth nel Regno Unito (2), che lavorarono in maniera indipendente gli uni dagli altri. Prima della biologia molecolare e delle analisi genetiche, le forme&hellip; <br \/> <a class=\"read-more\" href=\"https:\/\/cmt-awareness.com\/it\/dottore\/\">Read more<\/a><\/p>\n","protected":false},"author":9,"featured_media":0,"parent":0,"menu_order":0,"comment_status":"closed","ping_status":"closed","template":"","meta":{"footnotes":""},"class_list":["post-458","page","type-page","status-publish","hentry"],"acf":[],"_links":{"self":[{"href":"https:\/\/cmt-awareness.com\/it\/wp-json\/wp\/v2\/pages\/458","targetHints":{"allow":["GET"]}}],"collection":[{"href":"https:\/\/cmt-awareness.com\/it\/wp-json\/wp\/v2\/pages"}],"about":[{"href":"https:\/\/cmt-awareness.com\/it\/wp-json\/wp\/v2\/types\/page"}],"author":[{"embeddable":true,"href":"https:\/\/cmt-awareness.com\/it\/wp-json\/wp\/v2\/users\/9"}],"replies":[{"embeddable":true,"href":"https:\/\/cmt-awareness.com\/it\/wp-json\/wp\/v2\/comments?post=458"}],"version-history":[{"count":16,"href":"https:\/\/cmt-awareness.com\/it\/wp-json\/wp\/v2\/pages\/458\/revisions"}],"predecessor-version":[{"id":3095,"href":"https:\/\/cmt-awareness.com\/it\/wp-json\/wp\/v2\/pages\/458\/revisions\/3095"}],"wp:attachment":[{"href":"https:\/\/cmt-awareness.com\/it\/wp-json\/wp\/v2\/media?parent=458"}],"curies":[{"name":"wp","href":"https:\/\/api.w.org\/{rel}","templated":true}]}}