{"id":461,"date":"2018-09-10T14:23:05","date_gmt":"2018-09-10T12:23:05","guid":{"rendered":"https:\/\/cmt-awareness.com\/home\/"},"modified":"2024-10-04T10:09:17","modified_gmt":"2024-10-04T08:09:17","slug":"home","status":"publish","type":"page","link":"https:\/\/cmt-awareness.com\/it\/home\/","title":{"rendered":"Home"},"content":{"rendered":"<div id=\"che-cos-e-la-cmt\" class=\"content-12 content-section content-section-spacing content-relative\" style=\"background-color: #ffffff; background-image: none;\" data-label=\"CHE COS\u2019\u00c8 LA CMT\" data-id=\"content--1\" data-export-id=\"content-12\" data-category=\"content\">\n<div class=\"gridContainer\">\n<div class=\"row text-center\">\n<div class=\"section-title-col\" data-type=\"column\">\n<h2 class=\"\">Che cos\u2019\u00e8 la CMT?<\/h2>\n<p class=\"lead\">La CMT \u00e8 una malattia del sistema nervoso periferico che controlla i muscoli (diversamente dalle distrofie muscolari, che interessano direttamente i muscoli). [1,2]<\/p>\nPrima della biologia molecolare e delle analisi genetiche, le forme di CMT erano generalmente classificati in Tipo 1 (con velocit\u00e0 di conduzione nervosa eccessivamente basse, che facevano pensare alla demielinizzazione) e Tipo 2 (con velocit\u00e0 di conduzione nervosa normali, che facevano pensare a una degenerazione assonale o neuronale).\nRiscontrata in entrambi i sessi e in tutte le razze e i gruppi etnici, \u00e8 la neuropatia periferica ereditaria pi\u00f9 comune, che colpisce 2,8 milioni di persone nel mondo.\nQuesto gruppo di neuropatie rare, ereditarie, a lenta evoluzione, divenute note come malattia di Charcot-Marie-Tooth (CMT), furono descritte nel 1886 da Charcot e Marie in Francia e da Tooth nel Regno Unito, che lavorarono in modo indipendente gli uni dagli altri.\n\nLa CMT pu\u00f2 insorgere a qualsiasi et\u00e0 ma \u00e8 pi\u00f9 frequente nel primo o nel secondo decennio di vita [1,2].\n\n<\/div>\n<\/div>\n<div class=\"row center-xs middle-xs\">\n<div class=\"col-sm-9\" data-type=\"column\"><\/div>\n<\/div>\n<\/div>\n<div class=\"section-separator-bottom\"><\/div>\n<\/div>\n<div id=\"quali-sono-i-primi-sintomi-della-cmt\" class=\"content-2 content-section content-section-spacing white-text\" style=\"background-color: #97c21e; background-image: none;\" data-label=\"QUALI SONO I PRIMI SINTOMI DELLA CMT\" data-id=\"content--4\" data-export-id=\"content-2\" data-category=\"content\" data-section-ov=\"1\">\n<div>\n<div class=\"row middle-xs\">\n<div class=\"col-sm-5 bg-image shadow-large-black\" style=\"background-image: url('https:\/\/cmt-awareness.com\/wp-content\/uploads\/2018\/10\/cropped-ECMT_illustration_Homme_Femme_IT.jpg');\" data-bg=\"image\"><\/div>\n<div class=\"col-sm-7 full-col-left-padding full-col-right-padding\">\n<div class=\"row\">\n<div class=\"space-bottom-small content-title-col\" data-type=\"column\">\n<h2 class=\"\">Quali sono i primi sintomi della CMT?<\/h2>\n<p class=\"\">I primi sintomi della CMT includono frequente inciampo, goffaggine e sensazione di \u201cbruciore\u201d a piedi e mani. Sono comuni dolore muscolo-scheletrico, slogature\/fratture della caviglia e scarsa qualit\u00e0 della vita.<\/p>\nI sintomi principali della CMT1A sono debolezza di piedi e caviglie, atrofia muscolare simmetrica al di sotto delle ginocchia, alterazione dell\u2019andatura e perdita di sensibilit\u00e0 alle estremit\u00e0\n\nAnche una sensibilit\u00e0 eccessiva alle estremit\u00e0 e un\u2019incapacit\u00e0 di percepire il proprio corpo nello spazio sono fenomeni comuni.\n\nUna scarsa tolleranza a temperature fresche o fredde \u00e8 tipica e molte persone hanno mani e piedi cronicamente freddi.\n\nTra gli altri, meno comuni, vi sono affaticamento, apnea notturna, difficolt\u00e0 respiratorie, scoliosi, cifosi e perdita d\u2019udito.\n<h2 class=\"\">Esiste una cura per la CMT?<\/h2>\n<p class=\"\">Attualmente non vi sono terapie curative o in grado di modificare il decorso della malattia per la CMT1A. La gestione del paziente \u00e8 conservativa, con fisioterapia, terapia occupazionale, ausili tecnici, ortesi, terapie del dolore e, se necessario, chirurgia ortopedica [4].<\/p>\nEsistono numerosi <a href=\"https:\/\/www.acmt-rete.it\/ricerca\/trial-cmt\">farmaci in fase di sperimentazione clinica<\/a>, ci\u00f2 significa che potrebbe presto essere ancora pi\u00f9 importante individuare i pazienti affetti da questa malattia [5,6].\n\n<\/div>\n<\/div>\n<div class=\"row spaced-cols \" data-type=\"row\">\n<div class=\"col-xs-6\" data-type=\"column\"><\/div>\n<\/div>\n<\/div>\n<\/div>\n<\/div>\n<\/div>\n<div id=\"mobilitazione\" class=\"gallery-1 content-section content-section-spacing white-text\" style=\"background-color: #009edf; background-image: none;\" data-label=\"Mobilitazione\" data-id=\"gallery--1\" data-export-id=\"gallery-1\" data-category=\"gallery\">\n<div class=\"gridContainer\">\n<div class=\"row\">\n<div class=\"section-title-col\" data-type=\"column\">\n<h2 class=\"\">MOBILITAZIONE PER RIDURRE L\u2019ATTESA DI DIAGNOSI<\/h2>\n<\/div>\n<\/div>\n<div class=\"row text-center\">\n<div class=\"col-xs-12\" data-editable=\"true\" data-content-shortcode=\"mesmerize_gallery id=&quot;mesmerize-gallery-1&quot; columns=&quot;3&quot; ids=&quot;4429,4423,4435&quot; lb=&quot;1&quot; masonry=&quot;1&quot; size=&quot;large&quot; link=&quot;file&quot; \"><div id='mesmerize-gallery-1' class='gallery-wrapper'><style type=\"text\/css\">\n                    @media only screen and (min-width: 768px) {\n                    [data-unique-id='mesmerize-gallery-1-69f383f5bfae4'] dl {\n                        float: left;\n                        width: 33.333333333333% !important;\n                        max-width:  33.333333333333% !important;\n                        min-width:  33.333333333333% !important;\n                    }\n\n                    [data-unique-id='mesmerize-gallery-1-69f383f5bfae4'] dl:nth-of-type(3n +1 ) {\n                      clear: both;\n                      }\n                    }\n                <\/style><div id='mesmerize-gallery-1' class='mesmerize-gallery-1-dls-wrapper gallery-items-wrapper materialis-gallery' data-unique-id='mesmerize-gallery-1-69f383f5bfae4'><dl class='gallery-item'>\n\t\t\t<dt class='gallery-icon landscape'>\n\t\t\t\t<a data-fancybox=\"mesmerize-gallery-1-group\" href='https:\/\/cmt-awareness.com\/wp-content\/uploads\/2022\/10\/ECMTF_VISUEL_2022_1080X1080_IT3.jpg'><img fetchpriority=\"high\" decoding=\"async\"  width=\"1024\" height=\"1024\" src=\"https:\/\/cmt-awareness.com\/wp-content\/uploads\/2022\/10\/ECMTF_VISUEL_2022_1080X1080_IT3-1024x1024.jpg\"  class='mesmerize-gallery-1-image' alt=\"\" srcset=\"https:\/\/cmt-awareness.com\/wp-content\/uploads\/2022\/10\/ECMTF_VISUEL_2022_1080X1080_IT3-1024x1024.jpg 1024w, https:\/\/cmt-awareness.com\/wp-content\/uploads\/2022\/10\/ECMTF_VISUEL_2022_1080X1080_IT3-300x300.jpg 300w, https:\/\/cmt-awareness.com\/wp-content\/uploads\/2022\/10\/ECMTF_VISUEL_2022_1080X1080_IT3-150x150.jpg 150w, https:\/\/cmt-awareness.com\/wp-content\/uploads\/2022\/10\/ECMTF_VISUEL_2022_1080X1080_IT3-768x768.jpg 768w, https:\/\/cmt-awareness.com\/wp-content\/uploads\/2022\/10\/ECMTF_VISUEL_2022_1080X1080_IT3.jpg 1080w\" sizes=\"(max-width: 1024px) 100vw, 1024px\" \/><\/a>\n\t\t\t<\/dt><\/dl><dl class='gallery-item'>\n\t\t\t<dt class='gallery-icon landscape'>\n\t\t\t\t<a data-fancybox=\"mesmerize-gallery-1-group\" href='https:\/\/cmt-awareness.com\/wp-content\/uploads\/2022\/10\/ECMTF_VISUEL_2022_1080X1080_IT2.jpg'><img decoding=\"async\"  width=\"1024\" height=\"1024\" src=\"https:\/\/cmt-awareness.com\/wp-content\/uploads\/2022\/10\/ECMTF_VISUEL_2022_1080X1080_IT2-1024x1024.jpg\"  class='mesmerize-gallery-1-image' alt=\"\" srcset=\"https:\/\/cmt-awareness.com\/wp-content\/uploads\/2022\/10\/ECMTF_VISUEL_2022_1080X1080_IT2-1024x1024.jpg 1024w, https:\/\/cmt-awareness.com\/wp-content\/uploads\/2022\/10\/ECMTF_VISUEL_2022_1080X1080_IT2-300x300.jpg 300w, https:\/\/cmt-awareness.com\/wp-content\/uploads\/2022\/10\/ECMTF_VISUEL_2022_1080X1080_IT2-150x150.jpg 150w, https:\/\/cmt-awareness.com\/wp-content\/uploads\/2022\/10\/ECMTF_VISUEL_2022_1080X1080_IT2-768x768.jpg 768w, https:\/\/cmt-awareness.com\/wp-content\/uploads\/2022\/10\/ECMTF_VISUEL_2022_1080X1080_IT2.jpg 1080w\" sizes=\"(max-width: 1024px) 100vw, 1024px\" \/><\/a>\n\t\t\t<\/dt><\/dl><dl class='gallery-item'>\n\t\t\t<dt class='gallery-icon landscape'>\n\t\t\t\t<a data-fancybox=\"mesmerize-gallery-1-group\" href='https:\/\/cmt-awareness.com\/wp-content\/uploads\/2022\/10\/ECMTF_VISUEL_2022_1080X1080_IT.jpg'><img decoding=\"async\"  width=\"1024\" height=\"1024\" src=\"https:\/\/cmt-awareness.com\/wp-content\/uploads\/2022\/10\/ECMTF_VISUEL_2022_1080X1080_IT-1024x1024.jpg\"  class='mesmerize-gallery-1-image' alt=\"\" srcset=\"https:\/\/cmt-awareness.com\/wp-content\/uploads\/2022\/10\/ECMTF_VISUEL_2022_1080X1080_IT-1024x1024.jpg 1024w, https:\/\/cmt-awareness.com\/wp-content\/uploads\/2022\/10\/ECMTF_VISUEL_2022_1080X1080_IT-300x300.jpg 300w, https:\/\/cmt-awareness.com\/wp-content\/uploads\/2022\/10\/ECMTF_VISUEL_2022_1080X1080_IT-150x150.jpg 150w, https:\/\/cmt-awareness.com\/wp-content\/uploads\/2022\/10\/ECMTF_VISUEL_2022_1080X1080_IT-768x768.jpg 768w, https:\/\/cmt-awareness.com\/wp-content\/uploads\/2022\/10\/ECMTF_VISUEL_2022_1080X1080_IT.jpg 1080w\" sizes=\"(max-width: 1024px) 100vw, 1024px\" \/><\/a>\n\t\t\t<\/dt><\/dl>\n\t\t<\/div>\n<script>(function($){window.MaterialisCaptionsGallery && window.MaterialisCaptionsGallery($('[data-unique-id=\"mesmerize-gallery-1-69f383f5bfae4\"]'))})(jQuery)<\/script><\/div><\/div>\n<\/div>\n<\/div>\n<\/div>\n<div id=\"cta-3\" class=\"cta-centered-bg-section content-section content-section-spacing-medium white-text\" style=\"background-color: #009edf; background-image: none;\" data-label=\"Cta\" data-id=\"cta--3\" data-export-id=\"cta-centered-bg-section\" data-category=\"cta\" data-section-ov=\"1\" data-parallax-depth=\"20\">\n<div class=\"gridContainer\">\n<div class=\"row text-center\">\n<div class=\"\" data-type=\"column\"><a class=\"button color2\" href=\"https:\/\/cmt-awareness.com\/it\/campagne-precedenti\" target=\"_self\" rel=\"noopener noreferrer\" data-cp-link=\"1\" data-icon=\"\">CAMPAGNE PRECEDENTI<\/a><a class=\"button color3\" href=\"\/category\/blog\" target=\"_self\" rel=\"noopener\" data-cp-link=\"1\" data-icon=\"\">BLOG<\/a><\/div>\n<\/div>\n<\/div>\n<\/div>\n<div id=\"cta-2\" class=\"cta-blue-section content-section content-section-spacing-medium bg-color1 white-text\" style=\"background-image: none; background-color: #97c21e;\" data-label=\"Cta\" data-id=\"cta--2\" data-export-id=\"cta-blue-section\" data-category=\"cta\">\n<div class=\"gridContainer\">\n<div class=\"row middle-xs\">\n<div class=\"col-sm-8 space-bottom-xs\" data-type=\"column\">\n<h2 class=\"\">Aiutaci a saperne di pi\u00f9<\/h2>\n<\/div>\n<div class=\"col-sm-4 end-sm\" data-type=\"column\"><a class=\"button color4 dark-text round\" href=\"https:\/\/docs.google.com\/forms\/d\/1BEOMSOkH8QQvwkT4SE0RZzPTVZBXNEFjbQaVBwlmpKc\" target=\"_blank\" rel=\"noopener noreferrer\" data-cp-link=\"1\" data-icon=\"\">2 MIN PER RISPONDERE<\/a><\/div>\n<\/div>\n<\/div>\n<\/div>\n<div id=\"associazioni\" class=\"content-3 content-section content-section-spacing\" style=\"background-color: #ffffff; background-image: none;\" data-label=\"Associazioni\" data-id=\"content--2\" data-export-id=\"content-3\" data-category=\"content\">\n<div class=\"\">\n<div class=\"row middle-xs\">\n<div class=\"col-sm-7 full-col-left-padding full-col-right-padding\">\n<div class=\"row\">\n<div class=\"space-bottom-small content-title-col\" data-type=\"column\">\n<h2 class=\"\">Chi pu\u00f2 aiutarla a saperne di pi\u00f9?<\/h2>\n<p class=\"\">Alcuni medici generici, neurologi e fisiatri potrebbero essere a conoscenza dell\u2019esistenza della CMT, dei sintomi specifici e delle cure mediche. Sfortunatamente, oggi sono ancora molto frequenti errori in fase di diagnosi.<\/p>\nIn occasione delle campagne di sensibilizzazione e periodicamente nel corso dell\u2019anno, ogni associazione europea fornisce informazioni e consulenza a lei e alla sua famiglia.\n\n<\/div>\n<\/div>\n<div class=\"row spaced-cols\" data-type=\"row\">\n<div class=\"col-xs-6\" data-type=\"column\">\n<h5 class=\"\"><span style=\"color: #97c21e;\"><a class=\"\" href=\"http:\/\/www.acmt-rete.it\" target=\"_blank\" rel=\"noopener noreferrer\" data-cp-link=\"1\">ITALIA: ACMT-Rete<\/a><\/span><\/h5>\n<\/div>\n<div class=\"col-xs-6\" data-type=\"column\">\n<h5 class=\"\"><span style=\"color: #97c21e;\"><a class=\"\" href=\"http:\/\/www.progettomitofusina2.com\" target=\"_blank\" rel=\"noopener noreferrer\" data-cp-link=\"1\">ITALIA: Progetto Mitofusina 2<\/a><\/span><\/h5>\n<\/div>\n<div class=\"col-xs-6\" data-type=\"column\">\n<h5 class=\"\"><span style=\"color: #97c21e;\"><a class=\"\" href=\"http:\/\/www.aicmt.it\" target=\"_blank\" rel=\"noopener noreferrer\" data-cp-link=\"1\">ITALIA: AICMT<\/a><\/span><\/h5>\n<\/div>\n<div class=\"col-xs-6\" data-type=\"column\">\n<h5 class=\"\"><span style=\"color: #97c21e;\"><a class=\"\" href=\"http:\/\/www.cmt.org.uk\" target=\"_blank\" rel=\"noopener noreferrer\" data-cp-link=\"1\">REGNO UNITO: CMT UK<\/a><\/span><\/h5>\n<\/div>\n<div class=\"col-xs-6\" data-type=\"column\">\n<h5 class=\"\"><span style=\"color: #97c21e;\"><a class=\"\" href=\"http:\/\/www.spierziekten.nl\" target=\"_blank\" rel=\"noopener noreferrer\" data-cp-link=\"1\">PAESI BASSI:\u00a0Spierziekten Nederland<\/a><\/span><\/h5>\n<\/div>\n<div class=\"col-xs-6\" data-type=\"column\">\n<h5 class=\"\"><span style=\"color: #97c21e;\"><a class=\"\" href=\"http:\/\/www.spierziektenvlaanderen.be\/\" target=\"_blank\" rel=\"noopener noreferrer\" data-cp-link=\"1\">BELGIO:\u00a0Spierziekten Vlaanderen<\/a><\/span><\/h5>\n<\/div>\n<div class=\"col-xs-6\" data-type=\"column\">\n<h5 class=\"\"><span style=\"color: #97c21e;\"><a class=\"\" href=\"http:\/\/www.cmt-france.org\" target=\"_blank\" rel=\"noopener noreferrer\" data-cp-link=\"1\">FRANCIA:\u00a0CMT France<\/a><\/span><\/h5>\n<\/div>\n<div class=\"col-xs-6\" data-type=\"column\">\n<h5 class=\"\"><span style=\"color: #97c21e;\"><a class=\"\" href=\"http:\/\/www.cmt-austria.at\/cms\/\" target=\"_blank\" rel=\"noopener noreferrer\" data-cp-link=\"1\">AUSTRIA: CMT Austria<\/a><\/span><\/h5>\n<\/div>\n<div class=\"col-xs-6\" data-type=\"column\">\n<h5 class=\"\"><span style=\"color: #97c21e;\"><a href=\"https:\/\/www.dgm.org\/publikationen\/wissenswertes-hmsn-cmt\" target=\"_blank\" rel=\"noopener\" data-cp-link=\"1\">GERMANIA: DGM (Deutsche Gesellschaft f\u00fcr Muskelkranke e.V.)<\/a><\/span><\/h5>\n<\/div>\n<div class=\"col-xs-6\" data-type=\"column\">\n<h5 class=\"\"><span style=\"color: #97c21e;\"><a href=\"https:\/\/www.asociatiacmt.ro\/\" target=\"_blank\" rel=\"noopener\" data-cp-link=\"1\">ROMANIA: Asociatia Charcot Marie Tooth<\/a><\/span><\/h5>\n<\/div>\n<div class=\"col-xs-6\" data-type=\"column\">\n<h5 class=\"\"><span style=\"color: #97c21e;\"><a href=\"https:\/\/www.cmt-net.de\/\" target=\"_blank\" rel=\"noopener\" data-cp-link=\"1\">GERMANIA: CMT Net<\/a><\/span><\/h5>\n<\/div>\n<div class=\"col-xs-6\" data-type=\"column\">\n<h5 class=\"\"><span style=\"color: #97c21e;\"><a href=\"https:\/\/neuromovecmt.ro\/cine-suntem\/\" target=\"_blank\" rel=\"noopener\">ROMANIA: Neuro Move CMT<\/a><\/span><\/h5>\n<\/div>\n<div class=\"col-xs-6\" data-type=\"column\">\n<h5 class=\"\"><span style=\"color: #97c21e;\"><a href=\"https:\/\/www.asem-esp.org\/\" target=\"_blank\" rel=\"noopener\" data-cp-link=\"1\">SPAGNA: Federaci\u00f3n ASEM<\/a><\/span><\/h5>\n<\/div>\n<div class=\"col-xs-6\" data-type=\"column\">\n<h5 class=\"\"><span style=\"color: #97c21e;\"><a href=\"https:\/\/wonderfloraandcmt.hu\/\" target=\"_blank\" rel=\"noopener\" data-cp-link=\"1\">UNGHERIA: WonderFlora &amp; CMT Alap\u00edtv\u00e1ny<\/a><\/span><\/h5>\n<\/div>\n<div class=\"col-xs-6\" data-type=\"column\">\n<h5 class=\"\"><span style=\"color: #97c21e;\"><a href=\"https:\/\/elmotordetuspasos.com\/\" target=\"_blank\" rel=\"noopener\" data-cp-link=\"1\">SPAGNA: El Motor de tus Pasos<\/a><\/span><\/h5>\n<\/div>\n<div class=\"col-xs-6\" data-type=\"column\">\n<h5 class=\"\"><span style=\"color: #97c21e;\"><a href=\"http:\/\/www.c-m-t.cz.\/\" target=\"_blank\" rel=\"noopener\" data-cp-link=\"1\">REPUBBLICA CECA: Spole\u010dnost C-M-T<\/a><\/span><\/h5>\n<\/div>\n<div class=\"col-xs-6\" data-type=\"column\">\n<h5 class=\"\"><span style=\"color: #97c21e;\"><a href=\"https:\/\/cmt.org.il\/en\/\" target=\"_blank\" rel=\"noopener\" data-cp-link=\"1\">ISRAELE: CMT-Isra\u00ebl<\/a><\/span><\/h5>\n<\/div>\n<div class=\"col-xs-6\" data-type=\"column\">\n<h5 class=\"\"><span style=\"color: #97c21e;\"><a href=\"http:\/\/www.cmtchina.org\/\" target=\"_blank\" rel=\"noopener\" data-cp-link=\"1\">CINA: CMT-China<\/a><\/span><\/h5>\n<\/div>\n<div class=\"col-xs-6\" data-type=\"column\">\n<h5 class=\"\"><span style=\"color: #97c21e;\"><a href=\"https:\/\/www.hnf-cure.org\/\" target=\"_blank\" rel=\"noopener\" data-cp-link=\"1\">STATI UNITI D&#8217;AMERICA: HNF (Hereditary Neuropathy Foundation)<\/a><\/span><\/h5>\n<\/div>\n<div class=\"col-xs-6\" data-type=\"column\">\n<h5 class=\"\" style=\"text-align: center;\"><span style=\"color: #0a0101;\"><a class=\"\" href=\"http:\/\/www.ecmtf.org\" target=\"_blank\" rel=\"noopener noreferrer\" data-cp-link=\"1\">European CMT Federation \u2013 www.ecmtf.org<\/a><\/span><\/h5>\n<\/div>\n<\/div>\n<\/div>\n<div class=\"col-sm-5 bg-image shadow-large-black revert-classes-holder\" style=\"background-image: url('https:\/\/cmt-awareness.com\/wp-content\/uploads\/2018\/10\/soutient.jpg');\" data-bg=\"image\"><\/div>\n<\/div>\n<\/div>\n<\/div>\n<div id=\"cta-1\" class=\"cta-centered-bg-section content-section content-section-spacing-medium white-text\" style=\"background-color: #f07c01; background-image: none;\" data-label=\"Cta\" data-id=\"cta--1\" data-export-id=\"cta-centered-bg-section\" data-category=\"cta\" data-section-ov=\"1\" data-parallax-depth=\"20\">\n<div class=\"gridContainer\">\n<div class=\"row text-center\">\n<div class=\"\" data-type=\"column\">\n<h2 class=\"\">IL SILENZIO NON \u00c8 PI\u00d9 POSSIBILE!<\/h2>\n<\/div>\n<\/div>\n<\/div>\n<\/div>\n<div id=\"contatto\" class=\"contact-1 content-section content-section-spacing white-text\" style=\"background-image: url('https:\/\/aggelos-web12.fr\/cmt-awareness\/wp-content\/uploads\/2018\/09\/1082-1.jpg'); background-size: cover; background-position: center top;\" data-label=\"Contatto\" data-id=\"contact-1\" data-export-id=\"contact-1\" data-category=\"contact\" data-parallax-depth=\"20\">\n<div class=\"gridContainer\">\n<div class=\"row text-center\">\n<div class=\"section-title-col\" data-type=\"column\">\n<h2 class=\"\">ContattI<\/h2>\n<p class=\"lead\"><span style=\"font-weight: 600;\">ECMTF \/\u00a0Fondation Universitaire<\/span><\/p>\n11 Rue D\u2019Egmont \u2013 B-1000 Brussels \u2013 Belgium\n<p class=\"lead\">Presidente: Filippo Genovese<\/p>\nVice Presidente: Ingolf Pernice\n\n<\/div>\n<\/div>\n<div class=\"row text-center\">\n<div class=\"col-xs-12 col-sm-8 col-sm-offset-2 contact-form-wrapper inline-info\">\n<div class=\"card large-padding\">\n<div class=\"\" data-content-shortcode=\"mesmerize_contact_form shortcode=&quot;formidable id=9&quot;\" data-editable=\"true\"><link rel='stylesheet' id='formidable-css' href='https:\/\/cmt-awareness.com\/wp-content\/plugins\/formidable\/css\/formidableforms.css?ver=3311502' type='text\/css' media='all' \/>\n<div class=\"frm_forms  with_frm_style frm_style_style-formidable\" id=\"frm_form_9_container\" data-token=\"334e2681cafb81fd59f0322451315919\">\n<form enctype=\"multipart\/form-data\" method=\"post\" class=\"frm-show-form  frm_pro_form  frm_ajax_submit \" id=\"form_contact-form32\"  data-token=\"334e2681cafb81fd59f0322451315919\">\n<div class=\"frm_form_fields \">\n<fieldset>\n<legend class=\"frm_screen_reader\">Contact Us (it)<\/legend>\r\n\r\n<div class=\"frm_fields_container\">\n<input type=\"hidden\" name=\"frm_action\" value=\"create\" \/>\n<input type=\"hidden\" name=\"form_id\" value=\"9\" \/>\n<input type=\"hidden\" name=\"frm_hide_fields_9\" id=\"frm_hide_fields_9\" value=\"\" \/>\n<input type=\"hidden\" name=\"form_key\" value=\"contact-form32\" \/>\n<input type=\"hidden\" name=\"item_meta[0]\" value=\"\" \/>\n<input type=\"hidden\" id=\"frm_submit_entry_9\" name=\"frm_submit_entry_9\" value=\"502847e731\" \/><input type=\"hidden\" name=\"_wp_http_referer\" value=\"\/it\/wp-json\/wp\/v2\/pages\/461\" \/><div id=\"frm_field_87_container\" class=\"frm_form_field form-field  frm_required_field frm_top_container frm_first frm_half\">\r\n    <label for=\"field_qh4icy42\" class=\"frm_primary_label\">Nome\r\n        <span class=\"frm_required\"><\/span>\r\n    <\/label>\r\n    <input type=\"text\" id=\"field_qh4icy42\" name=\"item_meta[87]\" value=\"\"  data-reqmsg=\"Ce champ ne peut pas \u00eatre vide\" aria-required=\"true\" data-invmsg=\"Name est non valide\" aria-invalid=\"false\"  \/>\r\n    \r\n    \r\n<\/div>\n<div id=\"frm_field_88_container\" class=\"frm_form_field form-field  frm_required_field frm_hidden_container frm_half\">\r\n    <label for=\"field_ocfup142\" class=\"frm_primary_label\">Cognome\r\n        <span class=\"frm_required\"><\/span>\r\n    <\/label>\r\n    <input type=\"text\" id=\"field_ocfup142\" name=\"item_meta[88]\" value=\"\"  data-reqmsg=\"Ce champ ne peut pas \u00eatre vide\" aria-required=\"true\" data-invmsg=\"Last est non valide\" aria-invalid=\"false\"  \/>\r\n    \r\n    \r\n<\/div>\n<div id=\"frm_field_89_container\" class=\"frm_form_field form-field  frm_required_field frm_top_container frm_full\">\r\n    <label for=\"field_29yf4d42\" class=\"frm_primary_label\">Email\r\n        <span class=\"frm_required\"><\/span>\r\n    <\/label>\r\n    <input type=\"email\" id=\"field_29yf4d42\" name=\"item_meta[89]\" value=\"\"  data-reqmsg=\"Ce champ ne peut pas \u00eatre vide\" aria-required=\"true\" data-invmsg=\"Please enter a valid email address\" aria-invalid=\"false\"  \/>\r\n    \r\n    \r\n<\/div>\n<div id=\"frm_field_90_container\" class=\"frm_form_field form-field  frm_required_field frm_top_container frm_full\">\r\n    <label for=\"field_e6lis64\" class=\"frm_primary_label\">Oggetto\r\n        <span class=\"frm_required\"><\/span>\r\n    <\/label>\r\n    <input type=\"text\" id=\"field_e6lis64\" name=\"item_meta[90]\" value=\"\"  data-reqmsg=\"Ce champ ne peut pas \u00eatre vide\" aria-required=\"true\" data-invmsg=\"Subject est non valide\" aria-invalid=\"false\"  \/>\r\n    \r\n    \r\n<\/div>\n<div id=\"frm_field_91_container\" class=\"frm_form_field form-field  frm_required_field frm_top_container frm_full\">\r\n    <label for=\"field_9jv0r142\" class=\"frm_primary_label\">Messaggio\r\n        <span class=\"frm_required\"><\/span>\r\n    <\/label>\r\n    <textarea name=\"item_meta[91]\" id=\"field_9jv0r142\" rows=\"5\"  data-reqmsg=\"Ce champ ne peut pas \u00eatre vide\" aria-required=\"true\" data-invmsg=\"Messaggio non \u00e8 valido\" aria-invalid=\"false\"  ><\/textarea>\r\n    \r\n    \r\n<\/div>\n<div id=\"frm_field_106_container\" class=\"frm_form_field form-field  frm_none_container\">\n    <label for=\"g-recaptcha-response\" id=\"field_ow1oj_label\" class=\"frm_primary_label\">reCAPTCHA\n        <span class=\"frm_required\" aria-hidden=\"true\"><\/span>\n    <\/label>\n    <div id=\"field_ow1oj\" class=\"g-recaptcha\" data-sitekey=\"6Lfu058sAAAAADYfprtkHWKpoN_6K-Zab5UTiOmw\" data-size=\"normal\" data-theme=\"light\"><\/div>\n    \n    \n<\/div>\n\t<input type=\"hidden\" name=\"item_key\" value=\"\" \/>\n\t\t\t\t<div class=\"frm_verify\" >\n\t\t\t\t<label for=\"frm_email_9\">\n\t\t\t\t\tIf you are human, leave this field blank.\t\t\t\t<\/label>\n\t\t\t\t<input type=\"email\" class=\"frm_verify\" id=\"frm_email_9\" name=\"frm_verify\" value=\"\"  \/>\n\t\t\t<\/div>\n\t\t<div class=\"frm_submit\">\r\n\r\n<button class=\"frm_button_submit frm_final_submit\" type=\"submit\"   formnovalidate=\"formnovalidate\">Submit<\/button>\r\n\r\n<\/div><\/div>\n<\/fieldset>\n<\/div>\n<\/form>\n<\/div>\n<\/div>\n<\/div>\n<\/div>\n<\/div>\n<\/div>\n<\/div>","protected":false},"excerpt":{"rendered":"<p>Che cos\u2019\u00e8 la CMT? La CMT \u00e8 una malattia del sistema nervoso periferico che controlla i muscoli (diversamente dalle distrofie muscolari, che interessano direttamente i muscoli). [1,2] Prima della biologia molecolare e delle analisi genetiche, le forme di CMT erano generalmente classificati in Tipo 1 (con velocit\u00e0 di conduzione nervosa eccessivamente basse, che facevano pensare&hellip; <br \/> <a class=\"read-more\" href=\"https:\/\/cmt-awareness.com\/it\/home\/\">Read more<\/a><\/p>\n","protected":false},"author":9,"featured_media":0,"parent":0,"menu_order":0,"comment_status":"closed","ping_status":"closed","template":"page-templates\/homepage.php","meta":{"footnotes":""},"class_list":["post-461","page","type-page","status-publish","hentry"],"acf":[],"_links":{"self":[{"href":"https:\/\/cmt-awareness.com\/it\/wp-json\/wp\/v2\/pages\/461","targetHints":{"allow":["GET"]}}],"collection":[{"href":"https:\/\/cmt-awareness.com\/it\/wp-json\/wp\/v2\/pages"}],"about":[{"href":"https:\/\/cmt-awareness.com\/it\/wp-json\/wp\/v2\/types\/page"}],"author":[{"embeddable":true,"href":"https:\/\/cmt-awareness.com\/it\/wp-json\/wp\/v2\/users\/9"}],"replies":[{"embeddable":true,"href":"https:\/\/cmt-awareness.com\/it\/wp-json\/wp\/v2\/comments?post=461"}],"version-history":[{"count":38,"href":"https:\/\/cmt-awareness.com\/it\/wp-json\/wp\/v2\/pages\/461\/revisions"}],"predecessor-version":[{"id":5159,"href":"https:\/\/cmt-awareness.com\/it\/wp-json\/wp\/v2\/pages\/461\/revisions\/5159"}],"wp:attachment":[{"href":"https:\/\/cmt-awareness.com\/it\/wp-json\/wp\/v2\/media?parent=461"}],"curies":[{"name":"wp","href":"https:\/\/api.w.org\/{rel}","templated":true}]}}